{"id":50,"date":"2025-10-23T16:25:07","date_gmt":"2025-10-23T16:25:07","guid":{"rendered":"http:\/\/elcolegiodehidalgo.edu.mx\/renper\/?page_id=50"},"modified":"2025-10-23T16:25:13","modified_gmt":"2025-10-23T16:25:13","slug":"creditos","status":"publish","type":"page","link":"http:\/\/elcolegiodehidalgo.edu.mx\/renper\/index.php\/creditos\/","title":{"rendered":"Cr\u00e9ditos"},"content":{"rendered":"\n<p><strong>Coordinadores<\/strong>:<br><br>Dr.&nbsp;Jos\u00e9 Iv\u00e1n Ram\u00edrez Avil\u00e9s<\/p>\n\n\n\n<p><strong>Dise\u00f1o<\/strong>:<\/p>\n\n\n\n<p>Ing. Edgar Abel Cruz Montiel<\/p>\n\n\n\n<p>Ing. Daniel Gil Velazquez<\/p>\n\n\n\n<p>Ing. Asael Ortega Vargas<\/p>\n\n\n\n<p><strong>Servicios<\/strong>:<\/p>\n\n\n\n<p>Lic. Eder Hern\u00e1ndez Rodr\u00edguez<br><br><strong>Fundador:<br><br><\/strong>Dr. Sergio Gabriel Ceballos P\u00e9rez, Fundador 2015<\/p>\n","protected":false},"excerpt":{"rendered":"<p>Coordinadores: Dr.&nbsp;Jos\u00e9 Iv\u00e1n Ram\u00edrez Avil\u00e9s Dise\u00f1o: Ing. Edgar Abel Cruz Montiel Ing. Daniel Gil Velazquez Ing. Asael Ortega Vargas Servicios: Lic. Eder Hern\u00e1ndez Rodr\u00edguez Fundador: Dr. Sergio Gabriel Ceballos P\u00e9rez, Fundador 2015<\/p>\n","protected":false},"author":1,"featured_media":0,"parent":0,"menu_order":0,"comment_status":"closed","ping_status":"closed","template":"","meta":{"footnotes":""},"class_list":["post-50","page","type-page","status-publish","hentry"],"_links":{"self":[{"href":"http:\/\/elcolegiodehidalgo.edu.mx\/renper\/index.php\/wp-json\/wp\/v2\/pages\/50","targetHints":{"allow":["GET"]}}],"collection":[{"href":"http:\/\/elcolegiodehidalgo.edu.mx\/renper\/index.php\/wp-json\/wp\/v2\/pages"}],"about":[{"href":"http:\/\/elcolegiodehidalgo.edu.mx\/renper\/index.php\/wp-json\/wp\/v2\/types\/page"}],"author":[{"embeddable":true,"href":"http:\/\/elcolegiodehidalgo.edu.mx\/renper\/index.php\/wp-json\/wp\/v2\/users\/1"}],"replies":[{"embeddable":true,"href":"http:\/\/elcolegiodehidalgo.edu.mx\/renper\/index.php\/wp-json\/wp\/v2\/comments?post=50"}],"version-history":[{"count":2,"href":"http:\/\/elcolegiodehidalgo.edu.mx\/renper\/index.php\/wp-json\/wp\/v2\/pages\/50\/revisions"}],"predecessor-version":[{"id":52,"href":"http:\/\/elcolegiodehidalgo.edu.mx\/renper\/index.php\/wp-json\/wp\/v2\/pages\/50\/revisions\/52"}],"wp:attachment":[{"href":"http:\/\/elcolegiodehidalgo.edu.mx\/renper\/index.php\/wp-json\/wp\/v2\/media?parent=50"}],"curies":[{"name":"wp","href":"https:\/\/api.w.org\/{rel}","templated":true}]}}