{"id":23,"date":"2025-10-22T19:27:30","date_gmt":"2025-10-22T19:27:30","guid":{"rendered":"http:\/\/elcolegiodehidalgo.edu.mx\/renper\/?page_id=23"},"modified":"2026-04-20T02:23:51","modified_gmt":"2026-04-20T02:23:51","slug":"convocatorias","status":"publish","type":"page","link":"http:\/\/elcolegiodehidalgo.edu.mx\/renper\/index.php\/convocatorias\/","title":{"rendered":"Convocatorias"},"content":{"rendered":"\n<p>Este espacio est\u00e1 dise\u00f1ado para que instituciones acad\u00e9micas que conforman la Red Nacional de Posgrados en Estudios Regionales, publiquen convocatorias de sus diferentes programas de posgrado (maestr\u00eda, diplomado, especialidad, doctorado) que est\u00e9n orientados al estudio regional.<\/p>\n\n\n\n<div class=\"wp-block-columns is-layout-flex wp-container-core-columns-is-layout-9d6595d7 wp-block-columns-is-layout-flex\">\n<div class=\"wp-block-column is-layout-flow wp-block-column-is-layout-flow\">\n<p class=\"has-text-align-center\"><strong>1.- El Colegio de Veracruz: Revista Internacional de Desarrollo Regional Sustentable (RINDERESU)<\/strong><\/p>\n\n\n\n<p class=\"has-text-align-center\">Fecha:<\/p>\n\n\n<div class=\"wp-block-image\">\n<figure class=\"aligncenter is-resized\"><a href=\"http:\/\/elcolegiodehidalgo.edu.mx:90\/renper\/images\/convocatorias\/colveracruz\/cveracruz.pdf\"><img decoding=\"async\" src=\"http:\/\/elcolegiodehidalgo.edu.mx:90\/renper\/images\/R.png\" alt=\"\" style=\"width:171px;height:auto\"\/><\/a><\/figure>\n<\/div><\/div>\n\n\n\n<div class=\"wp-block-column is-layout-flow wp-block-column-is-layout-flow\">\n<p class=\"has-text-align-center\"><strong>2.- 4to. Congreso Virtual Internacional: Estudios y Trabajos para las Migraciones y Movilidades Contempor\u00e1neas<\/strong><\/p>\n\n\n\n<p class=\"has-text-align-center\">Fecha: 23-25 agosto 2023<\/p>\n\n\n<div class=\"wp-block-image\">\n<figure class=\"aligncenter is-resized\"><a href=\"https:\/\/www.facebook.com\/photo?fbid=1078819056349006&amp;set=a.641206496776933\"><img decoding=\"async\" src=\"http:\/\/elcolegiodehidalgo.edu.mx:90\/renper\/images\/convocatorias\/WhatsApp-Image-2023-08-15-at-12.47.40-PM.jpeg\" alt=\"\" style=\"width:119px;height:auto\"\/><\/a><\/figure>\n<\/div><\/div>\n\n\n\n<div class=\"wp-block-column is-layout-flow wp-block-column-is-layout-flow\">\n<p class=\"has-text-align-center\"><strong>3.- 28\u00ba Encuentro Nacional sobre Desarrollo Regional en M\u00e9xico, AMECIDER 2023 (Colaboraci\u00f3n: UNAM\/CH Y IIEc)<\/strong><\/p>\n\n\n\n<p class=\"has-text-align-center\">Fecha: 13 de noviembre, 2023<\/p>\n\n\n<div class=\"wp-block-image\">\n<figure class=\"aligncenter\"><a href=\"https:\/\/economicas.unam.mx\/actividades\/28-encuentro-amecider-2023\"><img decoding=\"async\" src=\"http:\/\/elcolegiodehidalgo.edu.mx:90\/renper\/images\/WhatsApp-Image-2023-08-16-at-2.23.13-PM.jpeg\" alt=\"\"\/><\/a><\/figure>\n<\/div><\/div>\n<\/div>\n\n\n\n<div class=\"wp-block-columns is-layout-flex wp-container-core-columns-is-layout-9d6595d7 wp-block-columns-is-layout-flex\">\n<div class=\"wp-block-column is-layout-flow wp-block-column-is-layout-flow\">\n<p class=\"has-text-align-center\"><strong>4.- Revista Territorios: Geograf\u00edas y ecolog\u00edas de la paz. Los ensamblajes contradictorios de la paz.<\/strong><\/p>\n\n\n\n<p class=\"has-text-align-center\">Fecha: 05 noviembre 2024<\/p>\n\n\n<div class=\"wp-block-image\">\n<figure class=\"aligncenter is-resized\"><a href=\"https:\/\/revistas.urosario.edu.co\/index.php\/territorios\/issue\/view\/portada\"><img decoding=\"async\" src=\"http:\/\/elcolegiodehidalgo.edu.mx:90\/renper\/images\/OIP.jpeg\" alt=\"\" style=\"width:198px;height:auto\"\/><\/a><\/figure>\n<\/div><\/div>\n\n\n\n<div class=\"wp-block-column is-layout-flow wp-block-column-is-layout-flow\">\n<p class=\"has-text-align-center\"><strong>5.- Vol. 1 N\u00fam. 2 (2023): Espacio, territorio y regi\u00f3n: revisitando categor\u00edas claves para el an\u00e1lisis social (Revista Estudios Regionales)<\/strong><\/p>\n\n\n\n<p class=\"has-text-align-center\">Fecha: 31 enero 2024<\/p>\n\n\n<div class=\"wp-block-image\">\n<figure class=\"aligncenter is-resized\"><a href=\"https:\/\/drive.google.com\/file\/d\/1tWJNC-eUCpYj9JBjKWWL50ng2xeS4YCG\/view\"><img decoding=\"async\" src=\"http:\/\/elcolegiodehidalgo.edu.mx:90\/renper\/images\/Captura-de-pantalla-2025-06-10-122515.png\" alt=\"\" style=\"width:148px;height:auto\"\/><\/a><\/figure>\n<\/div><\/div>\n\n\n\n<div class=\"wp-block-column is-layout-flow wp-block-column-is-layout-flow\">\n<p class=\"has-text-align-center\"><strong>6.- Convocatoria Revista Planeo N\u00ba57 &#8220;Territorios y Ciudades en transici\u00f3n a la paz y a la justicia&#8221;<\/strong><\/p>\n\n\n\n<p class=\"has-text-align-center\">Fecha: octubre 2023<\/p>\n\n\n<div class=\"wp-block-image\">\n<figure class=\"aligncenter is-resized\"><img decoding=\"async\" src=\"http:\/\/elcolegiodehidalgo.edu.mx:90\/renper\/images\/OIP-1.jpeg\" alt=\"\" style=\"width:183px;height:auto\"\/><\/figure>\n<\/div><\/div>\n<\/div>\n\n\n\n<div class=\"wp-block-columns is-layout-flex wp-container-core-columns-is-layout-9d6595d7 wp-block-columns-is-layout-flex\">\n<div class=\"wp-block-column is-layout-flow wp-block-column-is-layout-flow\">\n<p class=\"has-text-align-center\"><strong>7.- II CIUR 2024 \u2013 Conferencia acad\u00e9mica internacional de investigaci\u00f3n urbana y rural (Per\u00fa y Am\u00e9rica Latina)<\/strong><\/p>\n\n\n\n<p class=\"has-text-align-center\">Fecha: 4 septiembre 2023<\/p>\n\n\n<div class=\"wp-block-image\">\n<figure class=\"aligncenter is-resized\"><a href=\"https:\/\/eventos.geografia.blog.br\/2023\/10\/iicaiiurpal.html\"><img decoding=\"async\" src=\"http:\/\/elcolegiodehidalgo.edu.mx:90\/renper\/images\/Diapositiva1.PNG\" alt=\"\" style=\"width:228px;height:auto\"\/><\/a><\/figure>\n<\/div><\/div>\n\n\n\n<div class=\"wp-block-column is-layout-flow wp-block-column-is-layout-flow\">\n<p class=\"has-text-align-center\"><strong>8.- Especialidad en Estudios de las Ciudades del Siglo XXI \u2013 Colef en Linea<\/strong><\/p>\n\n\n\n<p class=\"has-text-align-center\">Fecha: 27 noviembre 2023<\/p>\n\n\n<div class=\"wp-block-image\">\n<figure class=\"aligncenter\"><a href=\"https:\/\/www.comecso.com\/convocatorias\/especialidad-estudios-ciudades\"><img decoding=\"async\" src=\"http:\/\/elcolegiodehidalgo.edu.mx:90\/renper\/images\/Diapositiva2.PNG\" alt=\"\"\/><\/a><\/figure>\n<\/div><\/div>\n\n\n\n<div class=\"wp-block-column is-layout-flow wp-block-column-is-layout-flow\">\n<p class=\"has-text-align-center\"><strong>9.- Imaginar la ciudad<\/strong><\/p>\n\n\n\n<p class=\"has-text-align-center\">Fecha: 15 noviembre 2023<\/p>\n\n\n<div class=\"wp-block-image\">\n<figure class=\"aligncenter is-resized\"><a href=\"https:\/\/editorial.bifurcaciones.cl\/convocatoria-imaginar-la-ciudad\/?fbclid=IwAR3LwgihnETvraiVGidRfQbKb-ZNWY-M8wavFoh2cKM_YHuKFyf84NnFEq8\"><img decoding=\"async\" src=\"http:\/\/elcolegiodehidalgo.edu.mx:90\/renper\/images\/imaginar-la-city.jpg\" alt=\"\" style=\"width:227px;height:auto\"\/><\/a><\/figure>\n<\/div><\/div>\n<\/div>\n\n\n\n<div class=\"wp-block-columns is-layout-flex wp-container-core-columns-is-layout-9d6595d7 wp-block-columns-is-layout-flex\">\n<div class=\"wp-block-column is-layout-flow wp-block-column-is-layout-flow\">\n<p class=\"has-text-align-center\"><strong>10.- Convocatoria Revista de Estudios Regionales Nueva \u00c9poca 24<\/strong><\/p>\n\n\n\n<p class=\"has-text-align-center\">Fecha:<\/p>\n\n\n<div class=\"wp-block-image\">\n<figure class=\"aligncenter\"><a href=\"http:\/\/www.elcolegiodehidalgo.edu.mx:81\/index.php\/revista\/announcement\"><img decoding=\"async\" src=\"http:\/\/elcolegiodehidalgo.edu.mx:90\/renper\/images\/revsita-de-estudios-regionales.png\" alt=\"\"\/><\/a><\/figure>\n<\/div><\/div>\n\n\n\n<div class=\"wp-block-column is-layout-flow wp-block-column-is-layout-flow\">\n<p class=\"has-text-align-center\"><strong>11.- Convocatoria libro &#8220;Desigualdades socioterritoriales en entornos urbanos multiculturales&#8221;<\/strong><\/p>\n\n\n\n<p class=\"has-text-align-center\">Fecha: 30 de abril 2024<\/p>\n\n\n<div class=\"wp-block-image\">\n<figure class=\"aligncenter is-resized\"><a href=\"https:\/\/www.instagram.com\/p\/C6JhygUAs10\/\"><img decoding=\"async\" src=\"http:\/\/elcolegiodehidalgo.edu.mx:90\/renper\/images\/desigualdades-territoriales.jpg\" alt=\"\" style=\"width:173px;height:auto\"\/><\/a><\/figure>\n<\/div><\/div>\n\n\n\n<div class=\"wp-block-column is-layout-flow wp-block-column-is-layout-flow\">\n<p class=\"has-text-align-center\"><strong>12.-&nbsp;XII Foro de Posgrados en Desarrollo Regional (30 \u00b0 Encuentro Nacional)<\/strong><\/p>\n\n\n\n<p class=\"has-text-align-center\">Fecha: 3 al 7 de noviembre 2025<\/p>\n\n\n<div class=\"wp-block-image\">\n<figure class=\"aligncenter\"><a href=\"https:\/\/www.amecider.org\/\"><img decoding=\"async\" src=\"http:\/\/elcolegiodehidalgo.edu.mx:90\/renper\/images\/Captura-de-pantalla-2025-06-10-103040.png\" alt=\"\"\/><\/a><\/figure>\n<\/div><\/div>\n<\/div>\n\n\n\n<div class=\"wp-block-columns is-layout-flex wp-container-core-columns-is-layout-9d6595d7 wp-block-columns-is-layout-flex\">\n<div class=\"wp-block-column is-layout-flow wp-block-column-is-layout-flow\">\n<p class=\"has-text-align-center\"><strong>12.- Presentaci\u00f3n libro &#8220;An\u00e1lisis Multidisciplinario de la Situaci\u00f3n Mundial Poscovid-19&#8221; (El Colegio del Estado de Hidalgo)<\/strong><\/p>\n\n\n\n<p class=\"has-text-align-center\">Fecha: 13 de junio<\/p>\n\n\n<div class=\"wp-block-image\">\n<figure class=\"aligncenter is-resized\"><img decoding=\"async\" src=\"http:\/\/elcolegiodehidalgo.edu.mx:90\/renper\/images\/libro-doctor-covid.jpg\" alt=\"\" style=\"width:202px;height:auto\"\/><\/figure>\n<\/div><\/div>\n\n\n\n<div class=\"wp-block-column is-layout-flow wp-block-column-is-layout-flow\">\n<p class=\"has-text-align-center\"><strong>13.- Maestr\u00eda en Desarrollo Urbano Sustentable (MDUS)<\/strong><\/p>\n\n\n\n<p class=\"has-text-align-center\">Fecha: 08 de marzo 2024<\/p>\n\n\n<div class=\"wp-block-image\">\n<figure class=\"aligncenter is-resized\"><a href=\"http:\/\/elcolegiodehidalgo.edu.mx:90\/index.php\/maestria-en-desarrollo-urbano-sustentable\/pres-madus\"><img decoding=\"async\" src=\"http:\/\/elcolegiodehidalgo.edu.mx:90\/renper\/images\/convocatoria-posgrado.jpg\" alt=\"\" style=\"width:213px;height:auto\"\/><\/a><\/figure>\n<\/div><\/div>\n\n\n\n<div class=\"wp-block-column is-layout-flow wp-block-column-is-layout-flow\">\n<p class=\"has-text-align-center\"><strong>1.er COLOQUIO MEGALOPOLITANO TRANSFORMACIONES SOCIOTERRITORIALES, ESCENARIOS Y PERSPECTIVAS DESDE LA REGI\u00d3N CENTRO DE M\u00c9XICO<\/strong><\/p>\n\n\n\n<p class=\"has-text-align-center\">Fecha: 18 de julio 2025.<\/p>\n\n\n<div class=\"wp-block-image\">\n<figure class=\"aligncenter is-resized\"><a href=\"http:\/\/elcolegiodehidalgo.edu.mx:90\/Observatorio%20Megalopolitano%20Hgo\/\"><img decoding=\"async\" src=\"http:\/\/elcolegiodehidalgo.edu.mx:90\/renper\/images\/Captura-de-pantalla-2025-06-16-125539.png\" alt=\"\" style=\"width:226px;height:auto\"\/><\/a><\/figure>\n<\/div><\/div>\n<\/div>\n\n\n\n<div class=\"wp-block-columns is-layout-flex wp-container-core-columns-is-layout-9d6595d7 wp-block-columns-is-layout-flex\">\n<div class=\"wp-block-column is-layout-flow wp-block-column-is-layout-flow\">\n<p class=\"has-text-align-center\">El Colegio de Jalisco tiene el honor de invitarle a la Conferencia Magistral.<\/p>\n\n\n\n<p class=\"has-text-align-center\">Fecha: lunes 25 de agosto de 2025<\/p>\n\n\n\n<p class=\"has-text-align-center\">18:00 horas<\/p>\n\n\n\n<p class=\"has-text-align-center\">Auditorio Carmen Casta\u00f1eda (calle 5 de mayo #321, Zapopan Centro)<\/p>\n\n\n<div class=\"wp-block-image\">\n<figure class=\"aligncenter is-resized\"><a href=\"https:\/\/www.facebook.com\/Coljal\"><img decoding=\"async\" src=\"http:\/\/elcolegiodehidalgo.edu.mx:90\/renper\/images\/536270879_1188807656621132_7801377298490942826_n.jpg\" alt=\"\" style=\"width:235px;height:auto\"\/><\/a><\/figure>\n<\/div><\/div>\n\n\n\n<div class=\"wp-block-column is-layout-flow wp-block-column-is-layout-flow\">\n<p class=\"has-text-align-center\">2do Seminario Internacional de Investigaci\u00f3n de Graffiti y Arte Urbano.<\/p>\n\n\n\n<p class=\"has-text-align-center\">Fecha del seminario:<\/p>\n\n\n\n<p class=\"has-text-align-center\">15 al 17 de Octubre del 2025<\/p>\n\n\n\n<p class=\"has-text-align-center\">Modalidad: Hibr\u00edda<\/p>\n\n\n<div class=\"wp-block-image\">\n<figure class=\"aligncenter is-resized\"><a href=\"https:\/\/drive.google.com\/file\/d\/1BndESue5H10SPO2B_yF2v0mQfCmA0ANb\/view?usp=sharing\"><img decoding=\"async\" src=\"http:\/\/elcolegiodehidalgo.edu.mx:90\/renper\/images\/742317cf-f739-42e2-bb63-661e9d49d9d8.jpeg\" alt=\"\" style=\"width:226px;height:auto\"\/><\/a><\/figure>\n<\/div><\/div>\n\n\n\n<div class=\"wp-block-column is-layout-flow wp-block-column-is-layout-flow\">\n<p class=\"has-text-align-center\">El Colegio de Michoac\u00e1n tiene el honor de invitarle a participar en el: XLVI COLOQUIO DE ANTROPOLOG\u00cdA E HISTORIA REGIONALES<\/p>\n\n\n\n<p class=\"has-text-align-center\">Fecha del coloquio:<\/p>\n\n\n\n<p class=\"has-text-align-center\">22 &#8211; 23 &#8211; 24 de Octubre del 2025<\/p>\n\n\n\n<p class=\"has-text-align-center\">Modalidad: Hibr\u00edda<\/p>\n\n\n<div class=\"wp-block-image\">\n<figure class=\"aligncenter is-resized\"><a href=\"https:\/\/www.colmich.edu.mx\/coloquioXLVI\/\"><img decoding=\"async\" src=\"http:\/\/elcolegiodehidalgo.edu.mx:90\/renper\/images\/3ad71b7c-695d-412b-b8f4-3544922265d6-1.jpeg\" alt=\"\" style=\"width:183px;height:auto\"\/><\/a><\/figure>\n<\/div><\/div>\n<\/div>\n\n\n\n<div class=\"wp-block-columns is-layout-flex wp-container-core-columns-is-layout-9d6595d7 wp-block-columns-is-layout-flex\">\n<div class=\"wp-block-column is-layout-flow wp-block-column-is-layout-flow\">\n<p class=\"has-text-align-center\"><em>La Asociaci\u00f3n Mexicana de Urbanistas&nbsp;<\/em> <em>&nbsp;tiene el honor de invitarle<\/em> <em>a participar en el:<\/em> <strong>&nbsp;Congreso Internacional \u201cUrbanismo<\/strong> <strong>Participativo y Resiliente: el \u00fanico camino para<\/strong> <strong>las ciudades olvidadas\u201d<\/strong><\/p>\n\n\n\n<p class=\"has-text-align-center\">Fecha del Congreso:<\/p>\n\n\n\n<p class=\"has-text-align-center\">5 al 8 de Noviembre<\/p>\n\n\n\n<p class=\"has-text-align-center\">Modalidad: H\u00edbrida<\/p>\n\n\n<div class=\"wp-block-image\">\n<figure class=\"aligncenter\"><a href=\"https:\/\/congresodeurbanismo.com.mx\/\"><img decoding=\"async\" src=\"http:\/\/elcolegiodehidalgo.edu.mx:90\/renper\/images\/unnamed.jpg\" alt=\"\"\/><\/a><\/figure>\n<\/div>\n\n\n<p class=\"has-text-align-center\"><strong>Convocatoria Maestr\u00eda En Desarrollo Urbano Sustentable<\/strong><br><strong>(MDUS) 2026-2028<\/strong><\/p>\n\n\n\n<p class=\"has-text-align-center\">Modalidad: Presencial<\/p>\n\n\n\n<figure class=\"wp-block-image size-full\"><a href=\"https:\/\/drive.google.com\/file\/d\/1EC9HWHQsJ8SeKxW1isym_OXZpylSTFyX\/view\" target=\"_blank\" rel=\" noreferrer noopener\"><img loading=\"lazy\" decoding=\"async\" width=\"595\" height=\"756\" src=\"http:\/\/elcolegiodehidalgo.edu.mx\/renper\/wp-content\/uploads\/2026\/04\/C2_CONVOCATORIA-MDUS-GENERACION-2026-2028_001-1.jpg\" alt=\"\" class=\"wp-image-354\" srcset=\"http:\/\/elcolegiodehidalgo.edu.mx\/renper\/wp-content\/uploads\/2026\/04\/C2_CONVOCATORIA-MDUS-GENERACION-2026-2028_001-1.jpg 595w, http:\/\/elcolegiodehidalgo.edu.mx\/renper\/wp-content\/uploads\/2026\/04\/C2_CONVOCATORIA-MDUS-GENERACION-2026-2028_001-1-236x300.jpg 236w\" sizes=\"auto, (max-width: 595px) 100vw, 595px\" \/><\/a><\/figure>\n\n\n\n<p class=\"has-text-align-center\">Cierre del registro en l\u00ednea y env\u00edo de documentaci\u00f3n: <strong>30 de junio del 2026<\/strong><\/p>\n<\/div>\n\n\n\n<div class=\"wp-block-column is-layout-flow wp-block-column-is-layout-flow\">\n<p class=\"has-text-align-center\"><strong>Convocatoria Vol. 4 N\u00fam. 8 &#8220;Megal\u00f3polis en transformaci\u00f3n: escenarios y perspectivas sobre gobernanza, territorio y megaproyectos\u201d<\/strong><\/p>\n\n\n\n<figure class=\"wp-block-image size-full\"><a href=\"http:\/\/www.elcolegiodehidalgo.edu.mx:81\/index.php\/revista\/announcement\/view\/8\" target=\"_blank\" rel=\" noreferrer noopener\"><img loading=\"lazy\" decoding=\"async\" width=\"417\" height=\"590\" src=\"http:\/\/elcolegiodehidalgo.edu.mx\/renper\/wp-content\/uploads\/2026\/01\/615073423_968152199708574_7553328516275458555_n.jpg\" alt=\"\" class=\"wp-image-309\" srcset=\"http:\/\/elcolegiodehidalgo.edu.mx\/renper\/wp-content\/uploads\/2026\/01\/615073423_968152199708574_7553328516275458555_n.jpg 417w, http:\/\/elcolegiodehidalgo.edu.mx\/renper\/wp-content\/uploads\/2026\/01\/615073423_968152199708574_7553328516275458555_n-212x300.jpg 212w\" sizes=\"auto, (max-width: 417px) 100vw, 417px\" \/><\/a><\/figure>\n\n\n\n<p class=\"has-text-align-center\"><strong>Recepci\u00f3n de proyectos:<\/strong><\/p>\n\n\n\n<p class=\"has-text-align-center\">Hasta el <strong>6 de marzo de 2026<\/strong>, a trav\u00e9s del Open Journal System de Revista Estudios Regionales Nueva \u00c9poca, previo registro<\/p>\n<\/div>\n\n\n\n<div class=\"wp-block-column is-layout-flow wp-block-column-is-layout-flow\">\n<p class=\"has-text-align-center\">Convocatoria para el ingreso 2026 B del Programa de <strong>Maestr\u00eda en Estudios Socioterritoriales<\/strong> del<strong> Centro universitario de los Valles de la Universidad de Guadalajara<\/strong>, programa reconocido por el Sistema Nacional de Posgrados. <\/p>\n\n\n\n<p class=\"has-text-align-center\">Modalidad: Presencial y tiempo completo<\/p>\n\n\n\n<p class=\"has-text-align-center\">Duraci\u00f3n de cuatro semestres<\/p>\n\n\n\n<figure class=\"wp-block-image size-large\"><img loading=\"lazy\" decoding=\"async\" width=\"725\" height=\"1024\" src=\"http:\/\/elcolegiodehidalgo.edu.mx\/renper\/wp-content\/uploads\/2026\/02\/Convocatoria-MEST-2026B_page-0001-1-725x1024.jpg\" alt=\"\" class=\"wp-image-323\" srcset=\"http:\/\/elcolegiodehidalgo.edu.mx\/renper\/wp-content\/uploads\/2026\/02\/Convocatoria-MEST-2026B_page-0001-1-725x1024.jpg 725w, http:\/\/elcolegiodehidalgo.edu.mx\/renper\/wp-content\/uploads\/2026\/02\/Convocatoria-MEST-2026B_page-0001-1-212x300.jpg 212w, http:\/\/elcolegiodehidalgo.edu.mx\/renper\/wp-content\/uploads\/2026\/02\/Convocatoria-MEST-2026B_page-0001-1-768x1085.jpg 768w, http:\/\/elcolegiodehidalgo.edu.mx\/renper\/wp-content\/uploads\/2026\/02\/Convocatoria-MEST-2026B_page-0001-1-1087x1536.jpg 1087w, http:\/\/elcolegiodehidalgo.edu.mx\/renper\/wp-content\/uploads\/2026\/02\/Convocatoria-MEST-2026B_page-0001-1-1449x2048.jpg 1449w, http:\/\/elcolegiodehidalgo.edu.mx\/renper\/wp-content\/uploads\/2026\/02\/Convocatoria-MEST-2026B_page-0001-1-scaled.jpg 1812w\" sizes=\"auto, (max-width: 725px) 100vw, 725px\" \/><\/figure>\n\n\n\n<p class=\"has-text-align-center\"><\/p>\n<\/div>\n<\/div>\n\n\n\n<p><\/p>\n","protected":false},"excerpt":{"rendered":"<p>Este espacio est\u00e1 dise\u00f1ado para que instituciones acad\u00e9micas que conforman la Red Nacional de Posgrados en Estudios Regionales, publiquen convocatorias de sus diferentes programas de posgrado (maestr\u00eda, diplomado, especialidad, doctorado) que est\u00e9n orientados al estudio regional. 1.- El Colegio de Veracruz: Revista Internacional de Desarrollo Regional Sustentable (RINDERESU) Fecha: 2.- 4to. Congreso Virtual Internacional: Estudios [&hellip;]<\/p>\n","protected":false},"author":1,"featured_media":0,"parent":0,"menu_order":0,"comment_status":"closed","ping_status":"closed","template":"","meta":{"footnotes":""},"class_list":["post-23","page","type-page","status-publish","hentry"],"_links":{"self":[{"href":"http:\/\/elcolegiodehidalgo.edu.mx\/renper\/index.php\/wp-json\/wp\/v2\/pages\/23","targetHints":{"allow":["GET"]}}],"collection":[{"href":"http:\/\/elcolegiodehidalgo.edu.mx\/renper\/index.php\/wp-json\/wp\/v2\/pages"}],"about":[{"href":"http:\/\/elcolegiodehidalgo.edu.mx\/renper\/index.php\/wp-json\/wp\/v2\/types\/page"}],"author":[{"embeddable":true,"href":"http:\/\/elcolegiodehidalgo.edu.mx\/renper\/index.php\/wp-json\/wp\/v2\/users\/1"}],"replies":[{"embeddable":true,"href":"http:\/\/elcolegiodehidalgo.edu.mx\/renper\/index.php\/wp-json\/wp\/v2\/comments?post=23"}],"version-history":[{"count":16,"href":"http:\/\/elcolegiodehidalgo.edu.mx\/renper\/index.php\/wp-json\/wp\/v2\/pages\/23\/revisions"}],"predecessor-version":[{"id":355,"href":"http:\/\/elcolegiodehidalgo.edu.mx\/renper\/index.php\/wp-json\/wp\/v2\/pages\/23\/revisions\/355"}],"wp:attachment":[{"href":"http:\/\/elcolegiodehidalgo.edu.mx\/renper\/index.php\/wp-json\/wp\/v2\/media?parent=23"}],"curies":[{"name":"wp","href":"https:\/\/api.w.org\/{rel}","templated":true}]}}