{"id":21,"date":"2025-10-22T19:24:36","date_gmt":"2025-10-22T19:24:36","guid":{"rendered":"http:\/\/elcolegiodehidalgo.edu.mx\/renper\/?page_id=21"},"modified":"2025-10-23T18:58:23","modified_gmt":"2025-10-23T18:58:23","slug":"actividades-academicas","status":"publish","type":"page","link":"http:\/\/elcolegiodehidalgo.edu.mx\/renper\/index.php\/actividades-academicas\/","title":{"rendered":"Actividades acad\u00e9micas"},"content":{"rendered":"\n<p>Con la necesidad de acercar diferentes experiencias de investigaci\u00f3n regional, la Red Nacional de Posgrados en Estudios Regionales (RENPER) se establece como un medio de promoci\u00f3n para los eventos acad\u00e9micos que las instituciones realicen y est\u00e9n convocando la participaci\u00f3n de otras escuelas de posgrado. Aqu\u00ed se podr\u00e1n consultar las convocatorias, avisos y seguimiento de los eventos.<\/p>\n\n\n\n<div style=\"height:44px\" aria-hidden=\"true\" class=\"wp-block-spacer\"><\/div>\n\n\n\n<div class=\"wp-block-columns is-layout-flex wp-container-core-columns-is-layout-9d6595d7 wp-block-columns-is-layout-flex\">\n<div class=\"wp-block-column is-layout-flow wp-block-column-is-layout-flow\">\n<p class=\"has-text-align-center\">Seminario permanente Econom\u00eda Agr\u00edcola y Pol\u00edticas P\u00fablicas<br>El Colegio del Estado de Hidalgo<br><br>9 de febrero 2017.<\/p>\n\n\n<div class=\"wp-block-image\">\n<figure class=\"aligncenter is-resized\"><img decoding=\"async\" src=\"http:\/\/elcolegiodehidalgo.edu.mx:90\/renper\/images\/economia1.png\" alt=\"\" style=\"width:154px;height:auto\"\/><\/figure>\n<\/div><\/div>\n\n\n\n<div class=\"wp-block-column is-layout-flow wp-block-column-is-layout-flow\">\n<p class=\"has-text-align-center\">XI Encuentro de Posgrados Iberoamericanos sobre Desarrollo y Pol\u00edticas Territoriales<br>Centro Boliviano de Estudios Multidisciplinarios<br><br>26 de junio 2025.<\/p>\n\n\n<div class=\"wp-block-image\">\n<figure class=\"aligncenter is-resized\"><img decoding=\"async\" src=\"http:\/\/elcolegiodehidalgo.edu.mx:90\/renper\/images\/Captura-de-pantalla-2025-06-16-102017.png\" alt=\"\" style=\"width:279px;height:auto\"\/><\/figure>\n<\/div><\/div>\n<\/div>\n\n\n\n<div class=\"wp-block-columns is-layout-flex wp-container-core-columns-is-layout-9d6595d7 wp-block-columns-is-layout-flex\">\n<div class=\"wp-block-column is-layout-flow wp-block-column-is-layout-flow\">\n<p class=\"has-text-align-center\">I Coloquio. Problem\u00e1ticas y propuestas, una agenda de desarrollo para el estado de Hidalgo.<br>El Colegio del Estado de Hidalgo<\/p>\n\n\n\n<p class=\"has-text-align-center\">5 de agosto 2016.<\/p>\n\n\n<div class=\"wp-block-image\">\n<figure class=\"aligncenter is-resized\"><img decoding=\"async\" src=\"http:\/\/elcolegiodehidalgo.edu.mx:90\/renper\/images\/315198189_498153369017841_9152238080829170512_n.jpg\" alt=\"\" style=\"width:178px;height:auto\"\/><\/figure>\n<\/div><\/div>\n\n\n\n<div class=\"wp-block-column is-layout-flow wp-block-column-is-layout-flow\">\n<p class=\"has-text-align-center\">Congreso de Observatorios Urbanos y Desarrollo: midiendo la sustentabilidad.<br>UABC<\/p>\n\n\n\n<p class=\"has-text-align-center\">3 de marzo 2016.<\/p>\n\n\n<div class=\"wp-block-image\">\n<figure class=\"aligncenter is-resized\"><img decoding=\"async\" src=\"http:\/\/elcolegiodehidalgo.edu.mx:90\/renper\/images\/logotipouabc.jpg\" alt=\"\" style=\"width:248px;height:auto\"\/><\/figure>\n<\/div><\/div>\n<\/div>\n\n\n\n<div class=\"wp-block-columns is-layout-flex wp-container-core-columns-is-layout-9d6595d7 wp-block-columns-is-layout-flex\">\n<div class=\"wp-block-column is-layout-flow wp-block-column-is-layout-flow\">\n<p class=\"has-text-align-center\">Simposio &#8220;Urbana y desigualdades territoriales en las ciudades multiculturales&#8221;<br>RENPER<\/p>\n\n\n\n<p class=\"has-text-align-center\">7 y 8 de septiembre 2023.<\/p>\n\n\n\n<p class=\"has-text-align-center\">Instituto Poblano de la Juventud, Ciudad de Puebla.<br>En el marco del VIII Coloquio Internacional Estudios sobre Imagen y Memoria y el V Coloquio Discurso de la Tradici\u00f3n Mesoamericana.<\/p>\n\n\n<div class=\"wp-block-image\">\n<figure class=\"aligncenter is-resized\"><img decoding=\"async\" src=\"http:\/\/elcolegiodehidalgo.edu.mx:90\/renper\/images\/Captura-de-pantalla-2025-06-16-103619.png\" alt=\"\" style=\"width:158px;height:auto\"\/><\/figure>\n<\/div><\/div>\n\n\n\n<div class=\"wp-block-column is-layout-flow wp-block-column-is-layout-flow\">\n<p class=\"has-text-align-center\">Conferencia Magistral: Posgrados de calidad en un entorno cambiante: Perspectivas desde el CISE<\/p>\n\n\n\n<p class=\"has-text-align-center\">RENPER \/ Universidad Aut\u00f3noma de Coahuila<\/p>\n\n\n\n<p class=\"has-text-align-center\">30 de marzo 2023.<\/p>\n\n\n\n<p class=\"has-text-align-center\">Dr. Nicholas P. Sisto (SNI 2, CONACHYT\/CISE-UAC).<\/p>\n\n\n<div class=\"wp-block-image\">\n<figure class=\"aligncenter is-resized\"><img decoding=\"async\" src=\"http:\/\/elcolegiodehidalgo.edu.mx:90\/renper\/images\/315198189_498153369017841_9152238080829170512_n.jpg\" alt=\"\" style=\"width:189px;height:auto\"\/><\/figure>\n<\/div><\/div>\n<\/div>\n\n\n\n<div class=\"wp-block-columns is-layout-flex wp-container-core-columns-is-layout-9d6595d7 wp-block-columns-is-layout-flex\">\n<div class=\"wp-block-column is-layout-flow wp-block-column-is-layout-flow\">\n<p class=\"has-text-align-center\">Convenio de colaboraci\u00f3n RENPER-N\u00d3ESIS <br>N\u00f3esis.<\/p>\n\n\n\n<p class=\"has-text-align-center\">15 de agosto 2023.<\/p>\n\n\n<div class=\"wp-block-image\">\n<figure class=\"aligncenter is-resized\"><img decoding=\"async\" src=\"http:\/\/elcolegiodehidalgo.edu.mx:90\/renper\/images\/Captura-de-pantalla-2025-06-16-104234.png\" alt=\"\" style=\"width:180px;height:auto\"\/><\/figure>\n<\/div><\/div>\n\n\n\n<div class=\"wp-block-column is-layout-flow wp-block-column-is-layout-flow\">\n<p class=\"has-text-align-center\">VI Congreso Nacional de Tecnolog\u00edas de la Informaci\u00f3n Geogr\u00e1fica<br>Universidad Nacional de Luj\u00e1n<\/p>\n\n\n\n<p class=\"has-text-align-center\">4 al 6 de octubre 2023.<\/p>\n\n\n\n<p class=\"has-text-align-center\">Luj\u00e1n, Provincia de Buenos Aires, Argentina<\/p>\n\n\n<div class=\"wp-block-image\">\n<figure class=\"aligncenter is-resized\"><img decoding=\"async\" src=\"http:\/\/elcolegiodehidalgo.edu.mx:90\/renper\/images\/1111111.jpg\" alt=\"\" style=\"width:233px;height:auto\"\/><\/figure>\n<\/div><\/div>\n<\/div>\n\n\n\n<div class=\"wp-block-columns is-layout-flex wp-container-core-columns-is-layout-9d6595d7 wp-block-columns-is-layout-flex\">\n<div class=\"wp-block-column is-layout-flow wp-block-column-is-layout-flow\">\n<p class=\"has-text-align-center\">Simposio de la Mesa 11: Urbana y Desigualdades Territoriales en las Ciudades Multiculturales<br>Escuela Taller de Capacitaci\u00f3n en Restauraci\u00f3n de Puebla.<\/p>\n\n\n\n<p class=\"has-text-align-center\">8 septiembre 2023.<\/p>\n\n\n\n<p class=\"has-text-align-center\">Auditorio, Av. 4 Ote. 211. Centro Hist\u00f3rico, Direcci\u00f3n de Patrimonio Cultural (Escuela Taller de Capacitaci\u00f3n en Restauraci\u00f3n de Puebla)<br>Modera: Nicholas Philip Sisto y Ulises Javier G\u00f3mez Ben\u00edtez.<\/p>\n\n\n<div class=\"wp-block-image\">\n<figure class=\"aligncenter is-resized\"><img decoding=\"async\" src=\"http:\/\/elcolegiodehidalgo.edu.mx:90\/renper\/images\/WhatsApp-Image-2023-08-29-at-2.47.56-PM.jpeg\" alt=\"\" style=\"width:164px;height:auto\"\/><\/figure>\n<\/div><\/div>\n\n\n\n<div class=\"wp-block-column is-layout-flow wp-block-column-is-layout-flow\">\n<p class=\"has-text-align-center\">Conferencia Agua y Ciudad en M\u00e9xico: Retos y Oportunidades<br>El Colegio del Estado de Hidalgo<\/p>\n\n\n\n<p class=\"has-text-align-center\">31 de octubre 2023.<\/p>\n\n\n\n<p class=\"has-text-align-center\">Sala de Videoconferencias, Edificio de Tecnolog\u00eda<br>Dr. Nicholas P. Sisto (CISE-UAC).<\/p>\n\n\n<div class=\"wp-block-image\">\n<figure class=\"aligncenter is-resized\"><img decoding=\"async\" src=\"http:\/\/elcolegiodehidalgo.edu.mx:90\/renper\/images\/315198189_498153369017841_9152238080829170512_n.jpg\" alt=\"\" style=\"width:275px;height:auto\"\/><\/figure>\n<\/div><\/div>\n<\/div>\n\n\n\n<div class=\"wp-block-columns is-layout-flex wp-container-core-columns-is-layout-9d6595d7 wp-block-columns-is-layout-flex\">\n<div class=\"wp-block-column is-layout-flow wp-block-column-is-layout-flow\">\n<p class=\"has-text-align-center\">Simposio Perspectivas y abordajes metodol\u00f3gicos y multidisciplinarios en el campo del urbanismo, la planeaci\u00f3n urbana y territorial.<br>Red Nacional de Posgrados en Estudios Regionales.<\/p>\n\n\n\n<p class=\"has-text-align-center\">9 y 10 de noviembre 2023.<\/p>\n\n\n\n<p class=\"has-text-align-center\">El Colegio del Estado de Hidalgo, Sala de Videoconferencias, Edificio de Tecnolog\u00eda.<\/p>\n\n\n<div class=\"wp-block-image\">\n<figure class=\"aligncenter is-resized\"><img decoding=\"async\" src=\"http:\/\/elcolegiodehidalgo.edu.mx:90\/renper\/images\/WhatsApp-Image-2023-11-07-at-1.54.58-PM.jpeg\" alt=\"\" style=\"width:177px;height:auto\"\/><\/figure>\n<\/div><\/div>\n\n\n\n<div class=\"wp-block-column is-layout-flow wp-block-column-is-layout-flow\">\n<p class=\"has-text-align-center\">lll Encuentro de Egresados.<br>ASTERRA, Doctorado en Estudios Territoriales (Universidad de Caldas), AGROSAVIA<\/p>\n\n\n\n<p class=\"has-text-align-center\">Reconocimiento a contribuciones acad\u00e9micas.<\/p>\n\n\n<div class=\"wp-block-image\">\n<figure class=\"aligncenter is-resized\"><img decoding=\"async\" src=\"http:\/\/elcolegiodehidalgo.edu.mx:90\/renper\/images\/WhatsApp-Image-2023-11-07-at-1.55.18-PM.jpeg\" alt=\"\" style=\"width:237px;height:auto\"\/><\/figure>\n<\/div><\/div>\n<\/div>\n\n\n\n<div class=\"wp-block-columns is-layout-flex wp-container-core-columns-is-layout-9d6595d7 wp-block-columns-is-layout-flex\">\n<div class=\"wp-block-column is-layout-flow wp-block-column-is-layout-flow\">\n<p class=\"has-text-align-center\">Misi\u00f3n Acad\u00e9mica Brasil 2022<br>El Colegio del Estado de Hidalgo<\/p>\n\n\n\n<p class=\"has-text-align-center\">7 de marzo 2022.<\/p>\n\n\n\n<p class=\"has-text-align-center\">Convocatoria MDUS 2024-2026<\/p>\n\n\n<div class=\"wp-block-image\">\n<figure class=\"aligncenter is-resized\"><img decoding=\"async\" src=\"http:\/\/elcolegiodehidalgo.edu.mx:90\/renper\/images\/conferencia.jpg\" alt=\"\" style=\"width:172px;height:auto\"\/><\/figure>\n<\/div><\/div>\n\n\n\n<div class=\"wp-block-column is-layout-flow wp-block-column-is-layout-flow\">\n<p class=\"has-text-align-center\">Conferencia Magistral Misi\u00f3n Acad\u00e9mica Brasil 2022<br>Redacci\u00f3n CEIPA<\/p>\n\n\n\n<p class=\"has-text-align-center\">19 septiembre 2022.<\/p>\n\n\n<div class=\"wp-block-image\">\n<figure class=\"aligncenter is-resized\"><img decoding=\"async\" src=\"http:\/\/elcolegiodehidalgo.edu.mx:90\/renper\/images\/mision-brasil_1-768x384.jpg\" alt=\"\" style=\"width:314px;height:auto\"\/><\/figure>\n<\/div><\/div>\n<\/div>\n\n\n\n<div class=\"wp-block-columns is-layout-flex wp-container-core-columns-is-layout-9d6595d7 wp-block-columns-is-layout-flex\">\n<div class=\"wp-block-column is-layout-flow wp-block-column-is-layout-flow\">\n<p class=\"has-text-align-center\">7\u00aa Semana Nacional de las Ciencias (COMECSO): &#8220;Industria manufacturera como determinante de la econom\u00eda regional norte fronteriza de M\u00e9xico&#8221;<\/p>\n\n\n\n<p class=\"has-text-align-center\">Consejo Mexicano de Ciencias Sociales.<\/p>\n\n\n\n<p class=\"has-text-align-center\">7 de octubre 2024.<\/p>\n\n\n<div class=\"wp-block-image\">\n<figure class=\"aligncenter is-resized\"><img decoding=\"async\" src=\"http:\/\/elcolegiodehidalgo.edu.mx:90\/renper\/images\/315198189_498153369017841_9152238080829170512_n.jpg\" alt=\"\" style=\"width:204px;height:auto\"\/><\/figure>\n<\/div><\/div>\n\n\n\n<div class=\"wp-block-column is-layout-flow wp-block-column-is-layout-flow\">\n<p class=\"has-text-align-center\">II Simposio Internacional &#8220;Perspectivas y Abordajes Metodol\u00f3gicos en el Campo del Urbanismo y el Desarrollo Socio-Territorial&#8221;<\/p>\n\n\n\n<p class=\"has-text-align-center\">El Colegio del Estado de Hidalgo<\/p>\n\n\n\n<p class=\"has-text-align-center\">22 de octubre 2024.<\/p>\n\n\n<div class=\"wp-block-image\">\n<figure class=\"aligncenter is-resized\"><img decoding=\"async\" src=\"http:\/\/elcolegiodehidalgo.edu.mx:90\/renper\/images\/315198189_498153369017841_9152238080829170512_n.jpg\" alt=\"\" style=\"width:209px;height:auto\"\/><\/figure>\n<\/div><\/div>\n<\/div>\n\n\n\n<p><\/p>\n","protected":false},"excerpt":{"rendered":"<p>Con la necesidad de acercar diferentes experiencias de investigaci\u00f3n regional, la Red Nacional de Posgrados en Estudios Regionales (RENPER) se establece como un medio de promoci\u00f3n para los eventos acad\u00e9micos que las instituciones realicen y est\u00e9n convocando la participaci\u00f3n de otras escuelas de posgrado. Aqu\u00ed se podr\u00e1n consultar las convocatorias, avisos y seguimiento de los [&hellip;]<\/p>\n","protected":false},"author":1,"featured_media":0,"parent":0,"menu_order":0,"comment_status":"closed","ping_status":"closed","template":"","meta":{"footnotes":""},"class_list":["post-21","page","type-page","status-publish","hentry"],"_links":{"self":[{"href":"http:\/\/elcolegiodehidalgo.edu.mx\/renper\/index.php\/wp-json\/wp\/v2\/pages\/21","targetHints":{"allow":["GET"]}}],"collection":[{"href":"http:\/\/elcolegiodehidalgo.edu.mx\/renper\/index.php\/wp-json\/wp\/v2\/pages"}],"about":[{"href":"http:\/\/elcolegiodehidalgo.edu.mx\/renper\/index.php\/wp-json\/wp\/v2\/types\/page"}],"author":[{"embeddable":true,"href":"http:\/\/elcolegiodehidalgo.edu.mx\/renper\/index.php\/wp-json\/wp\/v2\/users\/1"}],"replies":[{"embeddable":true,"href":"http:\/\/elcolegiodehidalgo.edu.mx\/renper\/index.php\/wp-json\/wp\/v2\/comments?post=21"}],"version-history":[{"count":4,"href":"http:\/\/elcolegiodehidalgo.edu.mx\/renper\/index.php\/wp-json\/wp\/v2\/pages\/21\/revisions"}],"predecessor-version":[{"id":74,"href":"http:\/\/elcolegiodehidalgo.edu.mx\/renper\/index.php\/wp-json\/wp\/v2\/pages\/21\/revisions\/74"}],"wp:attachment":[{"href":"http:\/\/elcolegiodehidalgo.edu.mx\/renper\/index.php\/wp-json\/wp\/v2\/media?parent=21"}],"curies":[{"name":"wp","href":"https:\/\/api.w.org\/{rel}","templated":true}]}}