{"id":2,"date":"2025-10-21T22:55:12","date_gmt":"2025-10-21T22:55:12","guid":{"rendered":"http:\/\/elcolegiodehidalgo.edu.mx\/renper\/?page_id=2"},"modified":"2025-10-24T17:43:35","modified_gmt":"2025-10-24T17:43:35","slug":"pagina-ejemplo","status":"publish","type":"page","link":"http:\/\/elcolegiodehidalgo.edu.mx\/renper\/","title":{"rendered":"Inicio"},"content":{"rendered":"\n<p>La Red Nacional de Posgrados en Estudios Regionales (RENPER) es una plataforma de trabajo creada por El Colegio del Estado de Hidalgo, integrada&nbsp;&nbsp;por distintas instituciones de nivel superior y que tiene como principal objetivo ser un espacio com\u00fan para la vinculaci\u00f3n y colaboraci\u00f3n acad\u00e9mica entre los posgrados relacionados con estudios regionales, tales como ciencias, ciencias sociales, humanidades, urbanizaci\u00f3n, metropolizaci\u00f3n, ordenamiento territorial, medio ambiente, entre otras.<\/p>\n\n\n\n<p>La RENPER coadyuvar\u00e1 en la vinculaci\u00f3n de un gran n\u00famero de posgrados, donde coordinadores, directores, profesores investigadores y estudiantes, podr\u00e1n aprovechar oportunidades de intercambio, colaboraci\u00f3n en investigaciones, publicaciones, bases de datos, convocatorias, promoci\u00f3n y difusi\u00f3n, entre otros.<a href=\"http:\/\/elcolegiodehidalgo.edu.mx\/renper\/wp-admin\/\">itorio<\/a> para borrar esta p\u00e1gina y crear nuevas p\u00e1ginas para tu contenido. \u00a1P\u00e1salo bien!<\/p>\n\n\n\n<!-- From Uiverse.io by Nawsome --> \n<button class=\"continue-application\">\n    <div>\n        <div class=\"pencil\"><\/div>\n        <div class=\"folder\">\n            <div class=\"top\">\n              <a href=\"http:\/\/elcolegiodehidalgo.edu.mx\/renper\/wp-content\/uploads\/2025\/10\/actacreacion.pdf\"               style=\"color:white!important; \">  \n              <svg viewBox=\"0 0 24 27\">\n                    <path d=\"M1,0 L23,0 C23.5522847,-1.01453063e-16 24,0.44771525 24,1 L24,8.17157288 C24,8.70200585 23.7892863,9.21071368 23.4142136,9.58578644 L20.5857864,12.4142136 C20.2107137,12.7892863 20,13.2979941 20,13.8284271 L20,26 C20,26.5522847 19.5522847,27 19,27 L1,27 C0.44771525,27 6.76353751e-17,26.5522847 0,26 L0,1 C-6.76353751e-17,0.44771525 0.44771525,1.01453063e-16 1,0 Z\"><\/path>\n                <\/svg>\n            <\/div>\n            <div class=\"paper\"><\/div>\n        <\/div>\n    <\/div>\n    Acta de Creaci\u00f3n de la RENPER<\/a>\n<\/button>\n\n\n\n<div style=\"height:54px\" aria-hidden=\"true\" class=\"wp-block-spacer\"><\/div>\n\n\n\n<p style=\"font-size:30px\"><strong>Noticias <\/strong><\/p>\n\n\n\n<p>Nos enorgullece mostrarles el programa del 1er Coloquio Megalopolitano Transformaciones Socioterritoriales, Escenarios y Perpectivas en la Megal\u00f3pilis Centro Mexicanas y otras Metr\u00f3polis que se llevar\u00e1 a cabo el d\u00eda 24 de septiembre de 2025 en el Parque Cient\u00edfico y Tecnol\u00f3gico del Estado de Hidalgo.<br><\/p>\n\n\n<div class=\"wp-block-image\">\n<figure class=\"aligncenter size-large is-resized\"><img loading=\"lazy\" decoding=\"async\" width=\"1024\" height=\"397\" src=\"http:\/\/elcolegiodehidalgo.edu.mx\/renper\/wp-content\/uploads\/2025\/10\/Obs_socioterritorial-1024x397.png\" alt=\"\" class=\"wp-image-97\" style=\"width:510px;height:auto\" srcset=\"http:\/\/elcolegiodehidalgo.edu.mx\/renper\/wp-content\/uploads\/2025\/10\/Obs_socioterritorial-1024x397.png 1024w, http:\/\/elcolegiodehidalgo.edu.mx\/renper\/wp-content\/uploads\/2025\/10\/Obs_socioterritorial-300x116.png 300w, http:\/\/elcolegiodehidalgo.edu.mx\/renper\/wp-content\/uploads\/2025\/10\/Obs_socioterritorial-768x298.png 768w, http:\/\/elcolegiodehidalgo.edu.mx\/renper\/wp-content\/uploads\/2025\/10\/Obs_socioterritorial-1536x596.png 1536w, http:\/\/elcolegiodehidalgo.edu.mx\/renper\/wp-content\/uploads\/2025\/10\/Obs_socioterritorial.png 2013w\" sizes=\"auto, (max-width: 1024px) 100vw, 1024px\" \/><\/figure>\n<\/div>","protected":false},"excerpt":{"rendered":"<p>La Red Nacional de Posgrados en Estudios Regionales (RENPER) es una plataforma de trabajo creada por El Colegio del Estado de Hidalgo, integrada&nbsp;&nbsp;por distintas instituciones de nivel superior y que tiene como principal objetivo ser un espacio com\u00fan para la vinculaci\u00f3n y colaboraci\u00f3n acad\u00e9mica entre los posgrados relacionados con estudios regionales, tales como ciencias, ciencias [&hellip;]<\/p>\n","protected":false},"author":1,"featured_media":0,"parent":0,"menu_order":0,"comment_status":"closed","ping_status":"open","template":"","meta":{"footnotes":""},"class_list":["post-2","page","type-page","status-publish","hentry"],"_links":{"self":[{"href":"http:\/\/elcolegiodehidalgo.edu.mx\/renper\/index.php\/wp-json\/wp\/v2\/pages\/2","targetHints":{"allow":["GET"]}}],"collection":[{"href":"http:\/\/elcolegiodehidalgo.edu.mx\/renper\/index.php\/wp-json\/wp\/v2\/pages"}],"about":[{"href":"http:\/\/elcolegiodehidalgo.edu.mx\/renper\/index.php\/wp-json\/wp\/v2\/types\/page"}],"author":[{"embeddable":true,"href":"http:\/\/elcolegiodehidalgo.edu.mx\/renper\/index.php\/wp-json\/wp\/v2\/users\/1"}],"replies":[{"embeddable":true,"href":"http:\/\/elcolegiodehidalgo.edu.mx\/renper\/index.php\/wp-json\/wp\/v2\/comments?post=2"}],"version-history":[{"count":13,"href":"http:\/\/elcolegiodehidalgo.edu.mx\/renper\/index.php\/wp-json\/wp\/v2\/pages\/2\/revisions"}],"predecessor-version":[{"id":122,"href":"http:\/\/elcolegiodehidalgo.edu.mx\/renper\/index.php\/wp-json\/wp\/v2\/pages\/2\/revisions\/122"}],"wp:attachment":[{"href":"http:\/\/elcolegiodehidalgo.edu.mx\/renper\/index.php\/wp-json\/wp\/v2\/media?parent=2"}],"curies":[{"name":"wp","href":"https:\/\/api.w.org\/{rel}","templated":true}]}}