{"id":8,"date":"2020-01-22T21:45:51","date_gmt":"2020-01-22T21:45:51","guid":{"rendered":"http:\/\/localhost\/psidetuh\/wordpress\/2020\/01\/22\/propuesta\/"},"modified":"2025-10-30T20:01:00","modified_gmt":"2025-10-30T20:01:00","slug":"propuesta","status":"publish","type":"page","link":"http:\/\/elcolegiodehidalgo.edu.mx\/psidetuh\/propuesta\/","title":{"rendered":"Propuesta"},"content":{"rendered":"<p style=\"text-align: justify;\"><span style=\"font-family: arial, helvetica, sans-serif; font-size: 12pt; color: #333333;\"><strong>Caracter\u00edsticas<\/strong><\/span><\/p>\n<ul>\n<li style=\"text-align: justify;\"><span style=\"font-family: arial, helvetica, sans-serif; font-size: 12pt; color: #333333;\">La PSIDETU es una herramienta accesible para todos los actores involucrados en la toma de decisiones en el \u00e1mbito del desarrollo territorial y urbano. Es de f\u00e1cil manejo para la b\u00fasqueda, an\u00e1lisis, generaci\u00f3n y consulta de datos e indicadores georreferenciados en distintas escalas territoriales.<\/span><\/li>\n<li style=\"text-align: justify;\"><span style=\"font-family: arial, helvetica, sans-serif; font-size: 12pt; color: #333333;\">Esta plataforma proporciona indicadores visualizados de forma gr\u00e1fica, representada en mapas tem\u00e1ticos de f\u00e1cil acceso y con posibilidad de descarga de informaci\u00f3n.\u00a0\u00a0<\/span><\/li>\n<li style=\"text-align: justify;\"><span style=\"font-family: arial, helvetica, sans-serif; font-size: 12pt; color: #333333;\">Permite interactuar con datos e informaci\u00f3n en diferentes formatos\u00a0 de acuerdo a su disponibilidad oficial y no oficial (datos libres): KML, Geo Tiff, Jpeg, Pdf, Tif, Geo Json, SHP.<\/span><\/li>\n<\/ul>\n<p style=\"text-align: justify;\">\u00a0<\/p>\n<p style=\"text-align: justify;\"><span style=\"font-family: arial, helvetica, sans-serif; font-size: 12pt; color: #333333;\"><strong>Beneficios <\/strong><\/span><\/p>\n<ul>\n<li style=\"text-align: justify;\"><span style=\"font-family: arial, helvetica, sans-serif; font-size: 12pt; color: #333333;\">Obtener informaci\u00f3n inmediata para la elaboraci\u00f3n de informes socio-demogr\u00e1ficos a nivel geogr\u00e1fico\/territorial.<\/span><\/li>\n<li style=\"text-align: justify;\"><span style=\"font-family: arial, helvetica, sans-serif; font-size: 12pt; color: #333333;\">Datos validados a nivel oficial basados en est\u00e1ndares de servicios de informaci\u00f3n Geoespacial Web.<\/span><\/li>\n<li style=\"text-align: justify;\"><span style=\"font-family: arial, helvetica, sans-serif; font-size: 12pt; color: #333333;\">As\u00ed mismo permite compartir resultados de trabajos de investigaci\u00f3n realizados a nivel local y nacional.<\/span><\/li>\n<li style=\"text-align: justify;\"><span style=\"font-family: arial, helvetica, sans-serif; font-size: 12pt; color: #333333;\">Por ser una plataforma de uso p\u00fablico, cuenta con un sistema de seguridad que regula la edici\u00f3n de metadatos y datos.<\/span><\/li>\n<\/ul>\n<p style=\"text-align: justify;\">\u00a0<\/p>\n<p><span style=\"font-family: arial, helvetica, sans-serif; font-size: 12pt; color: #333333;\"><img loading=\"lazy\" decoding=\"async\" class=\" size-full wp-image-7\" style=\"display: block; margin-left: auto; margin-right: auto;\" src=\"http:\/\/elcolegiodehidalgo.edu.mx\/psidetuh\/wp-content\/uploads\/2020\/01\/colonia.jpg\" alt=\"\" width=\"510\" height=\"382\" srcset=\"http:\/\/elcolegiodehidalgo.edu.mx\/psidetuh\/wp-content\/uploads\/2020\/01\/colonia.jpg 1024w, http:\/\/elcolegiodehidalgo.edu.mx\/psidetuh\/wp-content\/uploads\/2020\/01\/colonia-300x225.jpg 300w, http:\/\/elcolegiodehidalgo.edu.mx\/psidetuh\/wp-content\/uploads\/2020\/01\/colonia-768x576.jpg 768w\" sizes=\"auto, (max-width: 510px) 100vw, 510px\" \/><\/span><\/p>\n<p style=\"text-align: center;\"><span style=\"font-size: 12pt;\"><em><span style=\"font-family: arial, helvetica, sans-serif; color: #333333;\"><strong>Fuente:<\/strong> El Tezontle, Pachuca de Soto, Hidalgo. Fotograf\u00eda, Jos\u00e9 Iv\u00e1n Ram\u00edrez Avil\u00e9s<\/span><\/em><\/span><\/p>\n","protected":false},"excerpt":{"rendered":"<p>Caracter\u00edsticas La PSIDETU es una herramienta accesible para todos los actores involucrados en la toma de decisiones en el \u00e1mbito del desarrollo territorial y urbano. Es de f\u00e1cil manejo para la b\u00fasqueda, an\u00e1lisis, generaci\u00f3n y consulta de datos e indicadores georreferenciados en distintas escalas territoriales. Esta plataforma proporciona indicadores visualizados de forma gr\u00e1fica, representada en [&hellip;]<\/p>\n","protected":false},"author":1,"featured_media":7,"parent":0,"menu_order":5,"comment_status":"closed","ping_status":"open","template":"","meta":{"footnotes":""},"class_list":["post-8","page","type-page","status-publish","has-post-thumbnail","hentry"],"_links":{"self":[{"href":"http:\/\/elcolegiodehidalgo.edu.mx\/psidetuh\/wp-json\/wp\/v2\/pages\/8","targetHints":{"allow":["GET"]}}],"collection":[{"href":"http:\/\/elcolegiodehidalgo.edu.mx\/psidetuh\/wp-json\/wp\/v2\/pages"}],"about":[{"href":"http:\/\/elcolegiodehidalgo.edu.mx\/psidetuh\/wp-json\/wp\/v2\/types\/page"}],"author":[{"embeddable":true,"href":"http:\/\/elcolegiodehidalgo.edu.mx\/psidetuh\/wp-json\/wp\/v2\/users\/1"}],"replies":[{"embeddable":true,"href":"http:\/\/elcolegiodehidalgo.edu.mx\/psidetuh\/wp-json\/wp\/v2\/comments?post=8"}],"version-history":[{"count":1,"href":"http:\/\/elcolegiodehidalgo.edu.mx\/psidetuh\/wp-json\/wp\/v2\/pages\/8\/revisions"}],"predecessor-version":[{"id":96,"href":"http:\/\/elcolegiodehidalgo.edu.mx\/psidetuh\/wp-json\/wp\/v2\/pages\/8\/revisions\/96"}],"wp:featuredmedia":[{"embeddable":true,"href":"http:\/\/elcolegiodehidalgo.edu.mx\/psidetuh\/wp-json\/wp\/v2\/media\/7"}],"wp:attachment":[{"href":"http:\/\/elcolegiodehidalgo.edu.mx\/psidetuh\/wp-json\/wp\/v2\/media?parent=8"}],"curies":[{"name":"wp","href":"https:\/\/api.w.org\/{rel}","templated":true}]}}