{"id":6,"date":"2020-01-22T21:41:22","date_gmt":"2020-01-22T21:41:22","guid":{"rendered":"http:\/\/localhost\/psidetuh\/wordpress\/2020\/01\/22\/objetivo\/"},"modified":"2025-12-16T19:59:07","modified_gmt":"2025-12-16T19:59:07","slug":"objetivo","status":"publish","type":"page","link":"http:\/\/elcolegiodehidalgo.edu.mx\/psidetuh\/objetivo\/","title":{"rendered":"Objetivo"},"content":{"rendered":"<p style=\"text-align: justify\"><span style=\"font-family: arial, helvetica, sans-serif;font-size: 12pt;color: #333333\"><strong>Objetivo General<\/strong><\/span><\/p>\n<p style=\"text-align: justify\"><span style=\"font-family: arial, helvetica, sans-serif;font-size: 12pt;color: #333333\">Funcionar como una plataforma de seguimiento a los problemas socio-territoriales y urbanos presentes a nivel estatal, principalmente en el cumplimiento de las metas fijadas por la Organizaci\u00f3n de las Naciones Unidas\u00a0 en la Agenda 2030, la Ley General de Asentamientos Humanos, Ordenamiento Territorial y Desarrollo urbano y en alineaci\u00f3n los objetivos planteados en el Plan Estatal de Desarrollo del estado de Hidalgo.<\/span><\/p>\n<p style=\"text-align: justify\"><span style=\"font-family: arial, helvetica, sans-serif;font-size: 12pt;color: #333333\"><strong>Objetivos Particulares<\/strong><\/span><\/p>\n<ul>\n<li style=\"text-align: justify\"><span style=\"font-family: arial, helvetica, sans-serif;font-size: 12pt;color: #333333\">Dotar al gobierno del estado de Hidalgo de un centro estrat\u00e9gico que concentre indicadores que permitan fortalecer los planes y programas impulsados a nivel estatal e intersectorial en materia urbana.<\/span><\/li>\n<li style=\"text-align: justify\"><span style=\"font-family: arial, helvetica, sans-serif;font-size: 12pt;color: #333333\">Ser un centro de excelencia a nivel estatal que concentre y genere indicadores, estudios y compilaciones a nivel estatal para el desarrollo regional y urbano del Estado de Hidalgo.<\/span><\/li>\n<li style=\"text-align: justify\"><span style=\"font-family: arial, helvetica, sans-serif;font-size: 12pt;color: #333333\">Ser un centro estrat\u00e9gico de monitoreo que regule y promueva la generaci\u00f3n de laboratorios urbanos y de la ciudad a nivel estatal.<\/span><\/li>\n<li style=\"text-align: justify\"><span style=\"font-family: arial, helvetica, sans-serif;font-size: 12pt;color: #333333\">Dar seguimiento a los cambios territoriales en los principales espacios metropolitanos del Estado de Hidalgo.<\/span><\/li>\n<li style=\"text-align: justify\"><span style=\"font-family: arial, helvetica, sans-serif;font-size: 12pt;color: #333333\">Propiciar un seguimiento sistem\u00e1tico de indicadores clave que permitan analizar cambios sociodemogr\u00e1ficos y econ\u00f3micos que impacten en el ordenamiento urbano y regional.<\/span><\/li>\n<li style=\"text-align: justify\"><span style=\"font-family: arial, helvetica, sans-serif;font-size: 12pt;color: #333333\">Tener una actualizaci\u00f3n constante de indicadores y sistemas de informaci\u00f3n geogr\u00e1fica para el an\u00e1lisis socio-espacial de las principales zonas metropolitanas del Estado de Hidalgo.<\/span><\/li>\n<li style=\"text-align: justify\"><span style=\"font-family: arial, helvetica, sans-serif;font-size: 12pt;color: #333333\">Poseer un sistema de indicadores y sistemas de informaci\u00f3n geogr\u00e1fica de vanguardia que permitan identificar y evaluar distintas problem\u00e1ticas urbanas, como la segregaci\u00f3n socio-espacial urbana, pobreza, entre otros.<\/span><\/li>\n<li style=\"text-align: justify\"><span style=\"font-family: arial, helvetica, sans-serif;font-size: 12pt;color: #333333\">Aprovechar las tecnolog\u00edas de la informaci\u00f3n y los BIGDATA para tener informaci\u00f3n de momento sobre problem\u00e1ticas urbanas vividas, conocer y tener indicadores precisos de estructura urbana local, rutas de transporte, espacios de violencia y riesgo, administraci\u00f3n de saneamiento urbano, acceso a agua, asentamientos humanos, entre otros temas.<\/span><\/li>\n<li style=\"text-align: justify\"><span style=\"font-family: arial, helvetica, sans-serif;font-size: 12pt;color: #333333\">Apoyar en el MONITOREO Y SEGUIMIENTO AL DESARROLLO DE LAS CIUDADES por medio de indicadores precisos y geo-referenciados usando tecnolog\u00edas de la informaci\u00f3n y herramientas web disponibles.<\/span><\/li>\n<li style=\"text-align: justify\"><span style=\"font-family: arial, helvetica, sans-serif;font-size: 12pt;color: #333333\">Generar un sistema integrado de informaci\u00f3n para el desarrollo, basado en la recolecci\u00f3n de datos actualizados que permitan generar propuestas de pol\u00edtica p\u00fablica acorde al contexto local.<\/span><\/li>\n<li style=\"text-align: justify\"><span style=\"font-family: arial, helvetica, sans-serif;font-size: 12pt;color: #333333\">Generar sistemas de informaci\u00f3n para la implementaci\u00f3n y consolidaci\u00f3n de ciudades inteligentes a la vanguardia con el cumplimento de la agenda 2030, que propicien en el estado ciudades planificadas con visi\u00f3n innovadora.<\/span><\/li>\n<li style=\"text-align: justify\"><span style=\"font-family: arial, helvetica, sans-serif;font-size: 12pt;color: #333333\">Se busca consolidar una red de acad\u00e9micos, profesionistas, empresarios, ciudadanos y autoridades para construir mejores alternativas de desarrollo urbano y territorial en el Estado.<\/span><\/li>\n<\/ul>\n<p><span style=\"font-family: arial, helvetica, sans-serif;font-size: 12pt;color: #333333\"><img loading=\"lazy\" decoding=\"async\" class=\" size-full wp-image-5\" style=\"margin-left: auto;margin-right: auto\" src=\"http:\/\/elcolegiodehidalgo.edu.mx\/psidetuh\/wp-content\/uploads\/2020\/01\/plaz-icla.jpg\" alt=\"\" width=\"501\" height=\"315\" srcset=\"http:\/\/elcolegiodehidalgo.edu.mx\/psidetuh\/wp-content\/uploads\/2020\/01\/plaz-icla.jpg 1024w, http:\/\/elcolegiodehidalgo.edu.mx\/psidetuh\/wp-content\/uploads\/2020\/01\/plaz-icla-300x189.jpg 300w, http:\/\/elcolegiodehidalgo.edu.mx\/psidetuh\/wp-content\/uploads\/2020\/01\/plaz-icla-768x484.jpg 768w\" sizes=\"auto, (max-width: 501px) 100vw, 501px\" \/><\/span><\/p>\n<p style=\"text-align: center\"><span style=\"font-size: 12pt\"><em><span style=\"font-family: arial, helvetica, sans-serif\"><strong>\u00a0Fuente<\/strong>: Cat\u00e1logo Heladio Vera Trejo<\/span><\/em><\/span><\/p>\n","protected":false},"excerpt":{"rendered":"<p>Objetivo General Funcionar como una plataforma de seguimiento a los problemas socio-territoriales y urbanos presentes a nivel estatal, principalmente en el cumplimiento de las metas fijadas por la Organizaci\u00f3n de las Naciones Unidas\u00a0 en la Agenda 2030, la Ley General de Asentamientos Humanos, Ordenamiento Territorial y Desarrollo urbano y en alineaci\u00f3n los objetivos planteados en [&hellip;]<\/p>\n","protected":false},"author":1,"featured_media":5,"parent":0,"menu_order":6,"comment_status":"closed","ping_status":"open","template":"","meta":{"footnotes":""},"class_list":["post-6","page","type-page","status-publish","has-post-thumbnail","hentry"],"_links":{"self":[{"href":"http:\/\/elcolegiodehidalgo.edu.mx\/psidetuh\/wp-json\/wp\/v2\/pages\/6","targetHints":{"allow":["GET"]}}],"collection":[{"href":"http:\/\/elcolegiodehidalgo.edu.mx\/psidetuh\/wp-json\/wp\/v2\/pages"}],"about":[{"href":"http:\/\/elcolegiodehidalgo.edu.mx\/psidetuh\/wp-json\/wp\/v2\/types\/page"}],"author":[{"embeddable":true,"href":"http:\/\/elcolegiodehidalgo.edu.mx\/psidetuh\/wp-json\/wp\/v2\/users\/1"}],"replies":[{"embeddable":true,"href":"http:\/\/elcolegiodehidalgo.edu.mx\/psidetuh\/wp-json\/wp\/v2\/comments?post=6"}],"version-history":[{"count":2,"href":"http:\/\/elcolegiodehidalgo.edu.mx\/psidetuh\/wp-json\/wp\/v2\/pages\/6\/revisions"}],"predecessor-version":[{"id":220,"href":"http:\/\/elcolegiodehidalgo.edu.mx\/psidetuh\/wp-json\/wp\/v2\/pages\/6\/revisions\/220"}],"wp:featuredmedia":[{"embeddable":true,"href":"http:\/\/elcolegiodehidalgo.edu.mx\/psidetuh\/wp-json\/wp\/v2\/media\/5"}],"wp:attachment":[{"href":"http:\/\/elcolegiodehidalgo.edu.mx\/psidetuh\/wp-json\/wp\/v2\/media?parent=6"}],"curies":[{"name":"wp","href":"https:\/\/api.w.org\/{rel}","templated":true}]}}