{"id":4,"date":"2020-01-22T21:25:21","date_gmt":"2020-01-22T21:25:21","guid":{"rendered":"http:\/\/localhost\/psidetuh\/wordpress\/2020\/01\/22\/presentacion\/"},"modified":"2025-10-30T20:01:14","modified_gmt":"2025-10-30T20:01:14","slug":"presentacion","status":"publish","type":"page","link":"http:\/\/elcolegiodehidalgo.edu.mx\/psidetuh\/","title":{"rendered":"Presentaci\u00f3n"},"content":{"rendered":"<p style=\"text-align: justify;\"><span style=\"font-family: arial, helvetica, sans-serif; font-size: 12pt; color: #000000;\">La PSIDETU-H subsana una de las necesidades imperantes en el sector p\u00fablico y privado en la ordenaci\u00f3n, generaci\u00f3n y visualizaci\u00f3n de datos, para analizar problemas socio-espaciales y sociodemogr\u00e1ficos, bajo 3 ejes centrales de la rueda del desarrollo propuesta por la ONU:<\/span><\/p>\n<p style=\"text-align: justify;\"><span style=\"font-family: arial, helvetica, sans-serif; font-size: 12pt; color: #000000;\">1. Personas: Igualdad, equidad e inclusi\u00f3n social y seguridad ciudadana, cohesi\u00f3n social y trabajo decente<\/span><br \/><span style=\"font-family: arial, helvetica, sans-serif; font-size: 12pt; color: #000000;\">2. Prosperidad: Desarrollo econ\u00f3mico productivo, competitividad y desarrollo decente <\/span><br \/><span style=\"font-family: arial, helvetica, sans-serif; font-size: 12pt; color: #000000;\">3. Planeta: Sostenibilidad ambiental y econom\u00eda verde<\/span><\/p>\n<p style=\"text-align: justify;\"><span style=\"font-family: arial, helvetica, sans-serif; font-size: 12pt; color: #000000;\">Est\u00e1 integrada por geo-tecnolog\u00edas de la informaci\u00f3n que permiten recopilar, general y difundir informaci\u00f3n\u00a0 a nivel territorial. La plataforma busca contribuir a la generaci\u00f3n de indicadores as\u00ed como a su correspondiente visualizaci\u00f3n y es un medio de difusi\u00f3n de informaci\u00f3n de apoyo para actores involucrados en el desarrollo territorial y urbano en el Estado de Hidalgo.<\/span><\/p>\n<p style=\"text-align: justify;\"><span style=\"font-family: arial, helvetica, sans-serif; font-size: 12pt; color: #000000;\">As\u00ed mismo se sustenta en las recientes modificaciones a la Ley General de Asentamientos Humanos, ordenamiento territorial y desarrollo urbano (DOF 01-04-2024), espec\u00edficamente en los art\u00edculos: 8, fracci\u00f3n XII, 16 fracci\u00f3n VIII, 93 fracci\u00f3n VIII, y art\u00edculos 99, 100 y 104.<\/span><\/p>\n<p style=\"text-align: justify;\"><span style=\"font-family: arial, helvetica, sans-serif; font-size: 12pt; color: #000000;\">En especial en el Art\u00edculo 99, en temas de ordenamiento territorial y urbano, se establece la necesidad de contar con estudios, organizaci\u00f3n y \u201cdifusi\u00f3n de informaci\u00f3n de problemas socio-espaciales\u201d en los distintos \u00e1mbitos y escalas geogr\u00e1ficas, as\u00ed mismo se hace \u00e9nfasis a la difusi\u00f3n de informaci\u00f3n y de conocimientos sobre indicadores que permitan analizar evoluciones, para lo cual se recalcan los sistema de informaci\u00f3n geogr\u00e1fica como un medio para identificar gr\u00e1fica y geogr\u00e1ficamente resultados e impactos.<\/span><\/p>\n<p style=\"text-align: justify;\"><span style=\"font-family: arial, helvetica, sans-serif; font-size: 12pt; color: #000000;\">En este sentido, la presente plataforma <strong>(PSIDETU-H), <\/strong>tiene como meta consolidarse como un centro que dar\u00e1 seguimiento a los problemas socio-territoriales y urbanos presentes a nivel estatal, principalmente en el cumplimiento de las metas e indicadores fijadas por la Organizaci\u00f3n de las Naciones Unidas en la Agenda 2030 y en lineamiento a los objetivos planteados en el Plan Estatal de Desarrollo del estado de Hidalgo y en espec\u00edfico a planes de desarrollo urbano establecidos, as\u00ed como de las leyes nacionales que rigen el desarrollo territorial y urbano en M\u00e9xico.<\/span><\/p>\n<p style=\"text-align: justify;\"><span style=\"font-family: arial, helvetica, sans-serif; font-size: 12pt; color: #000000;\">Esta plataforma permitir\u00e1 dar seguimiento a indicadores espec\u00edficos, as\u00ed como producir indicadores regionales (locales), metropolitanos y urbanos para la gesti\u00f3n de informaci\u00f3n que sirva a los tomadores de decisiones (gobierno, sociedad civil, academia y poblaci\u00f3n en general) en la realizaci\u00f3n de trabajos en conjunto para contribuir a la mejora en la calidad de vida de la poblaci\u00f3n Hidalguense.<\/span><\/p>\n<p style=\"text-align: justify;\"><span style=\"font-family: arial, helvetica, sans-serif; font-size: 12pt; color: #000000;\">Por lo anterior, este es un medio y una herramienta de interlocuci\u00f3n entre ciudadan\u00eda, academia, institutos municipales de desarrollo metropolitano y urbano, en general todos los sectores involucrados en el desarrollo urbano y metropolitano, lo anterior con la finalidad de la \u201cmejora\u201d e influir en lo posible en el dise\u00f1o y ejecuci\u00f3n de pol\u00edticas p\u00fablicas focalizadas, es decir que partan\u00a0 de una correcta georreferenciaci\u00f3n de problemas socio-espaciales.<\/span><\/p>\n<p style=\"text-align: justify;\"><span style=\"color: #000000;\">\u00a0<\/span><\/p>\n<p style=\"text-align: justify;\"><span style=\"font-family: arial, helvetica, sans-serif; font-size: 12pt; color: #000000;\"><strong>\u00c1rea de influencia o cobertura<\/strong><\/span><\/p>\n<ul>\n<li style=\"text-align: justify;\"><span style=\"font-family: arial, helvetica, sans-serif; font-size: 12pt; color: #000000;\">Regional, metropolitano y estatal<\/span><\/li>\n<\/ul>\n<p>\u00a0<\/p>\n<p><span style=\"font-family: arial, helvetica, sans-serif; font-size: 10pt; color: #333333;\"><img loading=\"lazy\" decoding=\"async\" class=\" size-full wp-image-3\" style=\"display: block; margin-left: auto; margin-right: auto;\" src=\"http:\/\/elcolegiodehidalgo.edu.mx\/psidetuh\/wp-content\/uploads\/2020\/01\/pachuca_ant.jpg\" alt=\"\" width=\"503\" height=\"389\" srcset=\"http:\/\/elcolegiodehidalgo.edu.mx\/psidetuh\/wp-content\/uploads\/2020\/01\/pachuca_ant.jpg 960w, http:\/\/elcolegiodehidalgo.edu.mx\/psidetuh\/wp-content\/uploads\/2020\/01\/pachuca_ant-300x232.jpg 300w, http:\/\/elcolegiodehidalgo.edu.mx\/psidetuh\/wp-content\/uploads\/2020\/01\/pachuca_ant-768x594.jpg 768w\" sizes=\"auto, (max-width: 503px) 100vw, 503px\" \/><\/span><\/p>\n<p style=\"text-align: center;\"><span style=\"font-size: 12pt;\"><em><span style=\"font-family: arial, helvetica, sans-serif; color: #333333;\"><strong>Fuente<\/strong>: Cat\u00e1logo Heladio Vera Trejo<\/span><\/em><\/span><\/p>\n","protected":false},"excerpt":{"rendered":"<p>La PSIDETU-H subsana una de las necesidades imperantes en el sector p\u00fablico y privado en la ordenaci\u00f3n, generaci\u00f3n y visualizaci\u00f3n de datos, para analizar problemas socio-espaciales y sociodemogr\u00e1ficos, bajo 3 ejes centrales de la rueda del desarrollo propuesta por la ONU: 1. Personas: Igualdad, equidad e inclusi\u00f3n social y seguridad ciudadana, cohesi\u00f3n social y trabajo [&hellip;]<\/p>\n","protected":false},"author":1,"featured_media":3,"parent":0,"menu_order":7,"comment_status":"closed","ping_status":"open","template":"","meta":{"footnotes":""},"class_list":["post-4","page","type-page","status-publish","has-post-thumbnail","hentry"],"_links":{"self":[{"href":"http:\/\/elcolegiodehidalgo.edu.mx\/psidetuh\/wp-json\/wp\/v2\/pages\/4","targetHints":{"allow":["GET"]}}],"collection":[{"href":"http:\/\/elcolegiodehidalgo.edu.mx\/psidetuh\/wp-json\/wp\/v2\/pages"}],"about":[{"href":"http:\/\/elcolegiodehidalgo.edu.mx\/psidetuh\/wp-json\/wp\/v2\/types\/page"}],"author":[{"embeddable":true,"href":"http:\/\/elcolegiodehidalgo.edu.mx\/psidetuh\/wp-json\/wp\/v2\/users\/1"}],"replies":[{"embeddable":true,"href":"http:\/\/elcolegiodehidalgo.edu.mx\/psidetuh\/wp-json\/wp\/v2\/comments?post=4"}],"version-history":[{"count":2,"href":"http:\/\/elcolegiodehidalgo.edu.mx\/psidetuh\/wp-json\/wp\/v2\/pages\/4\/revisions"}],"predecessor-version":[{"id":191,"href":"http:\/\/elcolegiodehidalgo.edu.mx\/psidetuh\/wp-json\/wp\/v2\/pages\/4\/revisions\/191"}],"wp:featuredmedia":[{"embeddable":true,"href":"http:\/\/elcolegiodehidalgo.edu.mx\/psidetuh\/wp-json\/wp\/v2\/media\/3"}],"wp:attachment":[{"href":"http:\/\/elcolegiodehidalgo.edu.mx\/psidetuh\/wp-json\/wp\/v2\/media?parent=4"}],"curies":[{"name":"wp","href":"https:\/\/api.w.org\/{rel}","templated":true}]}}