{"id":21,"date":"2022-09-26T14:51:38","date_gmt":"2022-09-26T14:51:38","guid":{"rendered":"http:\/\/localhost\/psidetuh\/wordpress\/2022\/09\/26\/ley-general-del-equilibrio-ecologico-y-la-proteccion-al-ambiente\/"},"modified":"2025-10-30T20:01:00","modified_gmt":"2025-10-30T20:01:00","slug":"ley-general-del-equilibrio-ecologico-y-la-proteccion-al-ambiente","status":"publish","type":"page","link":"http:\/\/elcolegiodehidalgo.edu.mx\/psidetuh\/ley-general-del-equilibrio-ecologico-y-la-proteccion-al-ambiente\/","title":{"rendered":"Ley General del Equilibrio Ecol\u00f3gico y la Protecci\u00f3n al Ambiente"},"content":{"rendered":"<h1 class=\"bottom-buffer\" style=\"text-align: center;\"><span style=\"font-size: 18pt;\"><strong><span style=\"color: #000000;\">Ley General del Equilibrio Ecol\u00f3gico y la Protecci\u00f3n al Ambiente<\/span><\/strong><\/span><\/h1>\n<p>\u00a0<\/p>\n<p><span style=\"color: #000000; font-family: arial, helvetica, sans-serif; font-size: 12pt;\">La presente ley establece los principios, normas y leyes m\u00ednimos para la preservaci\u00f3n y restauraci\u00f3n del equilibrio ecol\u00f3gico, as\u00ed como a la protecci\u00f3n al ambiente, en el territorio nacional y las zonas sobre las que la naci\u00f3n ejerce su soberan\u00eda y jurisdicci\u00f3n.<\/span><\/p>\n<p><span style=\"color: #000000; font-family: arial, helvetica, sans-serif; font-size: 12pt;\">La\u00a0<span style=\"font-size: 10pt;\">(PROFEPA, 2016)<\/span>,<\/span>\u00a0<span style=\"color: #000000; font-family: arial, helvetica, sans-serif; font-size: 12pt;\">establece una serie de principios que la ley pretende desarrollar, los m\u00e1s relevantes son:<\/span><\/p>\n<ul>\n<li><span style=\"font-size: 12pt; font-family: arial, helvetica, sans-serif; color: #000000;\">Garantizar el derecho de toda persona a vivir en un medio ambiente sano para su desarrollo, salud y bienestar; Definir los principios de la pol\u00edtica ambiental y los instrumentos para su aplicaci\u00f3n.<\/span><\/li>\n<li><span style=\"font-size: 12pt; font-family: arial, helvetica, sans-serif; color: #000000;\">La preservaci\u00f3n, la restauraci\u00f3n y el mejoramiento del ambiente.<\/span><\/li>\n<li><span style=\"font-size: 12pt; font-family: arial, helvetica, sans-serif; color: #000000;\"> La preservaci\u00f3n y protecci\u00f3n de la biodiversidad, as\u00ed como el establecimiento y administraci\u00f3n de las \u00e1reas naturales protegidas.<\/span><\/li>\n<li><span style=\"font-size: 12pt; font-family: arial, helvetica, sans-serif; color: #000000;\">El aprovechamiento sustentable, la preservaci\u00f3n y, en su caso, la restauraci\u00f3n del suelo, el agua y los dem\u00e1s recursos naturales, de manera que sean compatibles la obtenci\u00f3n de beneficios econ\u00f3micos y las actividades de la sociedad con la preservaci\u00f3n de los ecosistemas; <\/span><\/li>\n<li><span style=\"font-size: 12pt; font-family: arial, helvetica, sans-serif; color: #000000;\">La prevenci\u00f3n y el control de la contaminaci\u00f3n del aire, agua y suelo.<\/span><\/li>\n<li><span style=\"font-size: 12pt; font-family: arial, helvetica, sans-serif; color: #000000;\"> Garantizar la participaci\u00f3n corresponsable de las personas, en forma individual o colectiva, en la preservaci\u00f3n y restauraci\u00f3n del equilibrio ecol\u00f3gico y la protecci\u00f3n al ambiente.<\/span><\/li>\n<\/ul>\n<p><span style=\"font-size: 12pt; font-family: arial, helvetica, sans-serif; color: #000000;\">Ultima reforma, 01 de abril de 2024, integrado con 206 art\u00edculos.<\/span><\/p>\n<p>\u00a0<\/p>\n<p style=\"text-align: center;\"><a href=\"https:\/\/www.diputados.gob.mx\/LeyesBiblio\/pdf\/LGEEPA.pdf\" target=\"_blank\" rel=\"noopener noreferrer\">Ley General del Equilibrio Ecol\u00f3gico y la Protecci\u00f3n al Ambiente<\/a><\/p>\n","protected":false},"excerpt":{"rendered":"<p>Ley General del Equilibrio Ecol\u00f3gico y la Protecci\u00f3n al Ambiente \u00a0 La presente ley establece los principios, normas y leyes m\u00ednimos para la preservaci\u00f3n y restauraci\u00f3n del equilibrio ecol\u00f3gico, as\u00ed como a la protecci\u00f3n al ambiente, en el territorio nacional y las zonas sobre las que la naci\u00f3n ejerce su soberan\u00eda y jurisdicci\u00f3n. La\u00a0(PROFEPA, 2016),\u00a0establece [&hellip;]<\/p>\n","protected":false},"author":1,"featured_media":0,"parent":0,"menu_order":6,"comment_status":"closed","ping_status":"open","template":"","meta":{"footnotes":""},"class_list":["post-21","page","type-page","status-publish","hentry"],"_links":{"self":[{"href":"http:\/\/elcolegiodehidalgo.edu.mx\/psidetuh\/wp-json\/wp\/v2\/pages\/21","targetHints":{"allow":["GET"]}}],"collection":[{"href":"http:\/\/elcolegiodehidalgo.edu.mx\/psidetuh\/wp-json\/wp\/v2\/pages"}],"about":[{"href":"http:\/\/elcolegiodehidalgo.edu.mx\/psidetuh\/wp-json\/wp\/v2\/types\/page"}],"author":[{"embeddable":true,"href":"http:\/\/elcolegiodehidalgo.edu.mx\/psidetuh\/wp-json\/wp\/v2\/users\/1"}],"replies":[{"embeddable":true,"href":"http:\/\/elcolegiodehidalgo.edu.mx\/psidetuh\/wp-json\/wp\/v2\/comments?post=21"}],"version-history":[{"count":1,"href":"http:\/\/elcolegiodehidalgo.edu.mx\/psidetuh\/wp-json\/wp\/v2\/pages\/21\/revisions"}],"predecessor-version":[{"id":83,"href":"http:\/\/elcolegiodehidalgo.edu.mx\/psidetuh\/wp-json\/wp\/v2\/pages\/21\/revisions\/83"}],"wp:attachment":[{"href":"http:\/\/elcolegiodehidalgo.edu.mx\/psidetuh\/wp-json\/wp\/v2\/media?parent=21"}],"curies":[{"name":"wp","href":"https:\/\/api.w.org\/{rel}","templated":true}]}}