{"id":139,"date":"2025-11-04T21:17:29","date_gmt":"2025-11-04T21:17:29","guid":{"rendered":"http:\/\/elcolegiodehidalgo.edu.mx\/psidetuh\/?page_id=139"},"modified":"2026-01-19T16:18:42","modified_gmt":"2026-01-19T16:18:42","slug":"material-de-apoyo","status":"publish","type":"page","link":"http:\/\/elcolegiodehidalgo.edu.mx\/psidetuh\/material-de-apoyo\/","title":{"rendered":"Material de Apoyo"},"content":{"rendered":"\n<div class=\"wp-block-group\"><div class=\"wp-block-group__inner-container is-layout-constrained wp-block-group-is-layout-constrained\">\n<div class=\"wp-block-group\"><div class=\"wp-block-group__inner-container is-layout-constrained wp-block-group-is-layout-constrained\">\n<figure class=\"wp-block-table is-style-stripes\"><table class=\"has-fixed-layout\"><thead><tr><th>Material<\/th><th>Nombre<\/th><th>Autor<\/th><th>Objetivo<\/th><\/tr><\/thead><tbody><tr><td><a href=\"http:\/\/Programa Sectorial de Desarrollo Agrario, Territorial y Urbano 2020-2024.itorial-y-urbano-2020-2024\"><img decoding=\"async\" src=\"http:\/\/elcolegiodehidalgo.edu.mx\/psidetuh\/wp-content\/uploads\/2025\/11\/image.png\" alt=\"\"><\/a><\/td><td><a href=\"http:\/\/Programa Sectorial de Desarrollo Agrario, Territorial y Urbano 2020-2024.itorial-y-urbano-2020-2024\" target=\"_blank\" rel=\"noreferrer noopener\">Programa Sectorial de Desarrollo Agrario, Territorial y Urbano 2020-2024.<\/a><\/td><td>Secretar\u00eda de Desarrollo Agrario, Territorial y Urbano (SEDATU).<br><br><\/td><td>El&nbsp;objetivo principal construir territorios de paz y bienestar, buscando reducir las desigualdades socioespaciales, la pobreza y la discriminaci\u00f3n.<br><br><\/td><\/tr><tr><td><img decoding=\"async\" src=\"http:\/\/elcolegiodehidalgo.edu.mx\/psidetuh\/wp-content\/uploads\/2025\/11\/image-1.png\" alt=\"\"><\/td><td><a href=\"https:\/\/www.gob.mx\/sedatu\/documentos\/guia-metodologica-para-la-elaboracion-o-adecuacion-de-programas-de-zonas-metropolitanas-o-conurbaciones?state=published\" target=\"_blank\" rel=\"noreferrer noopener\">Gu\u00eda metodol\u00f3gica para la elaboraci\u00f3n o adecuaci\u00f3n de programas de zonas metropolitanas o conurbaciones.<br><\/a><br><\/td><td>Secretar\u00eda de Desarrollo Agrario, Territorial y Urbano (SEDATU).<br>Banco Interamericano de Desarrollo.<br><\/td><td>Proporcionar una herramienta t\u00e9cnica y metodol\u00f3gica&nbsp;a los actores involucrados en la planeaci\u00f3n y gesti\u00f3n de estas zonas, para que puedan&nbsp;elaborar o adecuar programas integrales de desarrollo urbano&nbsp;que atiendan las particularidades y desaf\u00edos espec\u00edficos de cada zona metropolitana o conurbaci\u00f3n.<br><\/td><\/tr><tr><td><img decoding=\"async\" src=\"http:\/\/elcolegiodehidalgo.edu.mx\/psidetuh\/wp-content\/uploads\/2025\/11\/image-2.png\" alt=\"\"><\/td><td><a href=\"https:\/\/www.gob.mx\/sedatu\/documentos\/lineamientos-simplificados-para-la-elaboracion-de-planes-o-programas-municipales-de-desarrollo-urbano?state=published\" target=\"_blank\" rel=\"noreferrer noopener\">Lineamientos simplificados para la elaboraci\u00f3n de planes o programas municipales de desarrollo urbano.<br><\/a><br><\/td><td>Secretar\u00eda de Desarrollo Agrario, Territorial y Urbano (SEDATU).<br><br><\/td><td>El&nbsp;objetivo principal facilitar y agilizar el proceso de planeaci\u00f3n urbana a nivel municipal en M\u00e9xico.<br><br><\/td><\/tr><tr><td><img decoding=\"async\" src=\"http:\/\/elcolegiodehidalgo.edu.mx\/psidetuh\/wp-content\/uploads\/2025\/11\/image-3.png\" alt=\"\"><\/td><td><a href=\"https:\/\/www.gob.mx\/sedatu\/documentos\/nueva-metodologia-para-la-elaboracion-y-actualizacion-de-programas-municipales-de-desarrollo-urbano\" target=\"_blank\" rel=\"noreferrer noopener\">Gu\u00eda Metodol\u00f3gica para la Elaboraci\u00f3n y Actualizaci\u00f3n de Programas Municipales de Desarrollo Urbano.<br><\/a><br><\/td><td>Secretar\u00eda de Desarrollo Agrario, Territorial y Urbano (SEDATU).<br>Secretario de Medio Ambiente y Recursos Naturales (SEMARNAT).<br>Sociedad Alemana de Cooperaci\u00f3n Internacional (GIZ).<br><br><\/td><td>El objetivo principal orientar y facilitar el proceso de planeaci\u00f3n urbana a nivel municipal en M\u00e9xico.<br><br><\/td><\/tr><tr><td><img decoding=\"async\" src=\"http:\/\/elcolegiodehidalgo.edu.mx\/psidetuh\/wp-content\/uploads\/2025\/11\/image-4.png\" alt=\"\"><\/td><td><a href=\"https:\/\/www.gob.mx\/sedatu\/documentos\/somos-ciudades-alineando-la-planeacion-a-la-agenda-global-de-desarrollo?idiom=es#:~:text=La%20publicaci%C3%B3n%20%E2%80%9CSomos%20Ciudades.,establecidos%20en%20la%20Agenda%202030.\" target=\"_blank\" rel=\"noreferrer noopener\">Somos ciudades: Alineando la planeaci\u00f3n a la Agenda Global de Desarrollo.<br><\/a><br><\/td><td>Secretar\u00eda de Desarrollo Agrario, Territorial y Urbano (SEDATU).<br><br><\/td><td>El&nbsp;objetivo principal proporcionar directrices y herramientas para que la planeaci\u00f3n urbana en M\u00e9xico se alinee con la Agenda 2030 y sus Objetivos de Desarrollo Sostenible (ODS).<br><br><\/td><\/tr><tr><td><img decoding=\"async\" src=\"http:\/\/elcolegiodehidalgo.edu.mx\/psidetuh\/wp-content\/uploads\/2025\/11\/image-5.png\" alt=\"\"><\/td><td><a href=\"https:\/\/www.gob.mx\/cms\/uploads\/attachment\/file\/566607\/GUIA_1_M4S_29-07-2020.pdf\" target=\"_blank\" rel=\"noreferrer noopener\">Gu\u00eda de implementaci\u00f3n modalidad emergente 4s.<br><\/a><br><\/td><td>Secretar\u00eda de Salud (SSA).&nbsp;<br>Secretar\u00eda de Desarrollo Agrario, Territorial y Urbano (SEDATU).<br>Secretaria de Comunicaciones y Transportes (SCT).<br>Secretar\u00eda de Medio Ambiente y Recursos Naturales (SEMARNAT).<br>Organizaci\u00f3n Panamericana de la Salud&nbsp; en M\u00e9xico (OPS-OMS M\u00e9xico).<br><br><\/td><td>El&nbsp;objetivo principal orientar y apoyar a las organizaciones en la implementaci\u00f3n de la metodolog\u00eda 4s de forma r\u00e1pida y efectiva, especialmente en situaciones de emergencia o crisis.<br><br><\/td><\/tr><tr><td><img decoding=\"async\" src=\"http:\/\/elcolegiodehidalgo.edu.mx\/psidetuh\/wp-content\/uploads\/2025\/11\/image-6.png\" alt=\"\"><\/td><td><a href=\"https:\/\/www.gob.mx\/sedatu\/documentos\/instrumentos-para-el-financiamiento-de-la-ciudad?idiom=es\" target=\"_blank\" rel=\"noreferrer noopener\">Instrumentos para el financiamiento de la ciudad<\/a><br><br><\/td><td>Secretar\u00eda de Desarrollo Agrario, Territorial y Urbano (SEDATU).<br>Banco Interamericano de Desarrollo (BID).<br><br><\/td><td>El objetivo principal proporcionar a los gobiernos locales y otros actores las herramientas y mecanismos financieros necesarios para llevar a cabo proyectos de desarrollo urbano sostenible.<br><br><\/td><\/tr><tr><td><img decoding=\"async\" src=\"http:\/\/elcolegiodehidalgo.edu.mx\/psidetuh\/wp-content\/uploads\/2025\/11\/image-7.png\" alt=\"\"><\/td><td><a href=\"https:\/\/www.gob.mx\/sedatu\/documentos\/hoja-de-ruta-seleccion-de-la-paleta-vegetal-en-proyectos-del-espacio-publico\" target=\"_blank\" rel=\"noreferrer noopener\">Hoja de ruta. Selecci\u00f3n de la Paleta Vegetal en Proyectos del Espacio P\u00fablico<br><\/a><br><\/td><td>Secretar\u00eda de Desarrollo Agrario, Territorial y Urbano (SEDATU).<br><br><\/td><td>Discute la importancia de la vegetaci\u00f3n en las \u00e1reas urbanas y su contribuci\u00f3n al desarrollo sostenible<br><\/td><\/tr><tr><td><br><img loading=\"lazy\" decoding=\"async\" width=\"799\" height=\"1198\" class=\"wp-image-222\" style=\"width: 250px\" src=\"http:\/\/elcolegiodehidalgo.edu.mx\/psidetuh\/wp-content\/uploads\/2026\/01\/submission_349_349_coverImage_es_ES_t-1.jpg\" alt=\"\" srcset=\"http:\/\/elcolegiodehidalgo.edu.mx\/psidetuh\/wp-content\/uploads\/2026\/01\/submission_349_349_coverImage_es_ES_t-1.jpg 799w, http:\/\/elcolegiodehidalgo.edu.mx\/psidetuh\/wp-content\/uploads\/2026\/01\/submission_349_349_coverImage_es_ES_t-1-200x300.jpg 200w, http:\/\/elcolegiodehidalgo.edu.mx\/psidetuh\/wp-content\/uploads\/2026\/01\/submission_349_349_coverImage_es_ES_t-1-683x1024.jpg 683w, http:\/\/elcolegiodehidalgo.edu.mx\/psidetuh\/wp-content\/uploads\/2026\/01\/submission_349_349_coverImage_es_ES_t-1-768x1152.jpg 768w\" sizes=\"auto, (max-width: 799px) 100vw, 799px\" \/><\/td><td><a href=\"https:\/\/press.religacion.com\/index.php\/press\/catalog\/book\/349\" target=\"_blank\" rel=\"noreferrer noopener\">Nuevas cartograf\u00edas de la desigualdad socioterritorial. Abordajes cr\u00edticos desde Am\u00e9rica Latina.<\/a><\/td><td>Jos\u00e9 Ivan Ram\u00edrez Aviles.<br>El Colegio del Estado de Hidalgo. | M\u00e9xico<br><br>Eftychia D. Bournazou Marcou.<br>Universidad Nacional Aut\u00f3noma de M\u00e9xico. | M\u00e9xico.<br><br>Santiago Linares.<br>Instituto de Geograf\u00eda, Historia y Ciencias Sociales. (IGEHCS) dependiente de CONICET-UNCPBA. | Argentina.<\/td><td>A trav\u00e9s de un enfoque cr\u00edtico y diversas perspectivas te\u00f3rico-metodol\u00f3gicas, el libro analiza las m\u00faltiples dimensiones de la desigualdad socioterritorial, yendo m\u00e1s all\u00e1 de los enfoques cuantitativos para incorporar aspectos \u00e9tnicos, culturales y de procesos de dise\u00f1o e intervenci\u00f3n.<br>El libro aporta herramientas conceptuales y cr\u00edticas para repensar el urbanismo y formular pol\u00edticas p\u00fablicas m\u00e1s equitativas.<\/td><\/tr><tr><td><img loading=\"lazy\" decoding=\"async\" width=\"1128\" height=\"1600\" class=\"wp-image-226\" style=\"width: 250px\" src=\"http:\/\/elcolegiodehidalgo.edu.mx\/psidetuh\/wp-content\/uploads\/2026\/01\/0ed0e942-b7ed-44a7-be73-dee303a731ff.jpg\" alt=\"\" srcset=\"http:\/\/elcolegiodehidalgo.edu.mx\/psidetuh\/wp-content\/uploads\/2026\/01\/0ed0e942-b7ed-44a7-be73-dee303a731ff.jpg 1128w, http:\/\/elcolegiodehidalgo.edu.mx\/psidetuh\/wp-content\/uploads\/2026\/01\/0ed0e942-b7ed-44a7-be73-dee303a731ff-212x300.jpg 212w, http:\/\/elcolegiodehidalgo.edu.mx\/psidetuh\/wp-content\/uploads\/2026\/01\/0ed0e942-b7ed-44a7-be73-dee303a731ff-722x1024.jpg 722w, http:\/\/elcolegiodehidalgo.edu.mx\/psidetuh\/wp-content\/uploads\/2026\/01\/0ed0e942-b7ed-44a7-be73-dee303a731ff-768x1089.jpg 768w, http:\/\/elcolegiodehidalgo.edu.mx\/psidetuh\/wp-content\/uploads\/2026\/01\/0ed0e942-b7ed-44a7-be73-dee303a731ff-1083x1536.jpg 1083w\" sizes=\"auto, (max-width: 1128px) 100vw, 1128px\" \/><\/td><td><a href=\"https:\/\/www.gob.mx\/sedatu\/documentos\/guia-en-materia-de-planeacion-municipal\" target=\"_blank\" rel=\"noreferrer noopener\">Gu\u00eda en materia de planeaci\u00f3n municipal<\/a><\/td><td>Secretar\u00eda de Desarrollo Agrario, Territorial y Urbano (SEDATU).<br><\/td><td>Construir la problem\u00e1tica municipal en materia de ordenamiento territorial y desarrollo urbano, mediante la selecci\u00f3n y definici\u00f3n de problemas prioritarios.<\/td><\/tr><tr><td><img loading=\"lazy\" decoding=\"async\" width=\"198\" height=\"255\" class=\"wp-image-230\" style=\"width: 250px\" src=\"http:\/\/elcolegiodehidalgo.edu.mx\/psidetuh\/wp-content\/uploads\/2026\/01\/images.jpg\" alt=\"\"><\/td><td><a href=\"https:\/\/www.gob.mx\/sener\/articulos\/atlas-nacional-de-zonas-con-alto-potencial-de-energias-limpias\" target=\"_blank\" rel=\"noreferrer noopener\">Atlas Nacional de Zonas con Alto Potencial de Energ\u00edas Limpias<\/a><\/td><td>Secretar\u00eda de Energ\u00eda (SENER).<\/td><td>El Atlas Nacional facilita informaci\u00f3n a la ciudadan\u00eda sobre las zonas \u00fatiles para el desarrollo de proyectos que utilicen energ\u00eda limpia, al identificar las \u00e1reas geogr\u00e1ficas con mayor potencial de acuerdo distintos tipos de tecnolog\u00eda.<\/td><\/tr><\/tbody><\/table><\/figure>\n<\/div><\/div>\n<\/div><\/div>\n\n\n\n<p><\/p>\n","protected":false},"excerpt":{"rendered":"<p>Material Nombre Autor Objetivo Programa Sectorial de Desarrollo Agrario, Territorial y Urbano 2020-2024. Secretar\u00eda de Desarrollo Agrario, Territorial y Urbano (SEDATU). El&nbsp;objetivo principal construir territorios de paz y bienestar, buscando reducir las desigualdades socioespaciales, la pobreza y la discriminaci\u00f3n. Gu\u00eda metodol\u00f3gica para la elaboraci\u00f3n o adecuaci\u00f3n de programas de zonas metropolitanas o conurbaciones. Secretar\u00eda de [&hellip;]<\/p>\n","protected":false},"author":1,"featured_media":0,"parent":0,"menu_order":0,"comment_status":"closed","ping_status":"closed","template":"","meta":{"footnotes":""},"class_list":["post-139","page","type-page","status-publish","hentry"],"_links":{"self":[{"href":"http:\/\/elcolegiodehidalgo.edu.mx\/psidetuh\/wp-json\/wp\/v2\/pages\/139","targetHints":{"allow":["GET"]}}],"collection":[{"href":"http:\/\/elcolegiodehidalgo.edu.mx\/psidetuh\/wp-json\/wp\/v2\/pages"}],"about":[{"href":"http:\/\/elcolegiodehidalgo.edu.mx\/psidetuh\/wp-json\/wp\/v2\/types\/page"}],"author":[{"embeddable":true,"href":"http:\/\/elcolegiodehidalgo.edu.mx\/psidetuh\/wp-json\/wp\/v2\/users\/1"}],"replies":[{"embeddable":true,"href":"http:\/\/elcolegiodehidalgo.edu.mx\/psidetuh\/wp-json\/wp\/v2\/comments?post=139"}],"version-history":[{"count":11,"href":"http:\/\/elcolegiodehidalgo.edu.mx\/psidetuh\/wp-json\/wp\/v2\/pages\/139\/revisions"}],"predecessor-version":[{"id":234,"href":"http:\/\/elcolegiodehidalgo.edu.mx\/psidetuh\/wp-json\/wp\/v2\/pages\/139\/revisions\/234"}],"wp:attachment":[{"href":"http:\/\/elcolegiodehidalgo.edu.mx\/psidetuh\/wp-json\/wp\/v2\/media?parent=139"}],"curies":[{"name":"wp","href":"https:\/\/api.w.org\/{rel}","templated":true}]}}