{"id":137,"date":"2025-11-04T19:55:43","date_gmt":"2025-11-04T19:55:43","guid":{"rendered":"http:\/\/elcolegiodehidalgo.edu.mx\/psidetuh\/?page_id=137"},"modified":"2025-11-06T21:53:59","modified_gmt":"2025-11-06T21:53:59","slug":"base-cartografica","status":"publish","type":"page","link":"http:\/\/elcolegiodehidalgo.edu.mx\/psidetuh\/base-cartografica\/","title":{"rendered":"Base Cartogr\u00e1fica"},"content":{"rendered":"\n<p><strong>Instrucciones:<\/strong> Para la consulta de los siguientes archivos se requiere tener google earth en el dispositivo, el cual es de acceso gratuito y universal, al visualizar el mapa tem\u00e1tico tendr\u00e1 la facilidad de encontrar los indicadores asociados al dar click en cada uno de los municipios (o pol\u00edgonos vectoriales objeto de an\u00e1lisis) de igual forma los colores indican una semaforizaci\u00f3n, entendiendo que mientras m\u00e1s oscuros indican condiciones de mayor precarizaci\u00f3n.<\/p>\n\n\n\n<h2 class=\"wp-block-heading has-medium-font-size\">Descargas de Plataforma para el Seguimiento de Indicadores para el Desarrollo Territorial y Urbano, en el Estado de Hidalgo<\/h2>\n\n\n<div class=\"sdm_download_item \"><div class=\"sdm_download_item_top\"><div class=\"sdm_download_thumbnail\"><\/div><div class=\"sdm_download_title\">Vectorial Estatal 2020<\/div><\/div><div style=\"clear:both;\"><\/div><div class=\"sdm_download_description\"><\/div><div class=\"sdm_download_size\"><span class=\"sdm_download_size_label\">Size: <\/span><span class=\"sdm_download_size_value\">456.12<\/span><\/div><div class=\"sdm_download_date\"><span class=\"sdm_download_date_label\">Published: <\/span><span class=\"sdm_download_date_value\">4 noviembre, 2025<\/span><\/div><div class=\"sdm_download_link\"><span class=\"sdm_download_button\"><a href=\"http:\/\/elcolegiodehidalgo.edu.mx\/psidetuh\/?sdm_process_download=1&download_id=134\" class=\"sdm_download green\" title=\"Vectorial Estatal 2020\" target=\"_self\">Descargar<\/a><\/span><span class=\"sdm_download_item_count\"><span class=\"sdm_item_count_number\">15<\/span><span class=\"sdm_item_count_string\"> Downloads<\/span><\/span><\/div><\/div><div class=\"sdm_clear_float\"><\/div>\n\n\n<div class=\"sdm_download_item \"><div class=\"sdm_download_item_top\"><div class=\"sdm_download_thumbnail\"><\/div><div class=\"sdm_download_title\">Vectoriales Agebs Urbanos 2020<\/div><\/div><div style=\"clear:both;\"><\/div><div class=\"sdm_download_description\"><\/div><div class=\"sdm_download_size\"><span class=\"sdm_download_size_label\">Size: <\/span><span class=\"sdm_download_size_value\">3,510.42 Kb<\/span><\/div><div class=\"sdm_download_link\"><span class=\"sdm_download_button\"><a href=\"http:\/\/elcolegiodehidalgo.edu.mx\/psidetuh\/?sdm_process_download=1&download_id=154\" class=\"sdm_download green\" title=\"Vectoriales Agebs Urbanos 2020\" target=\"_self\">Descargar<\/a><\/span><span class=\"sdm_download_item_count\"><span class=\"sdm_item_count_number\">122<\/span><span class=\"sdm_item_count_string\"> Downloads<\/span><\/span><\/div><\/div><div class=\"sdm_clear_float\"><\/div>\n\n\n<div class=\"sdm_download_item \"><div class=\"sdm_download_item_top\"><div class=\"sdm_download_thumbnail\"><\/div><div class=\"sdm_download_title\">Vectoriales Eje Vial 2020<\/div><\/div><div style=\"clear:both;\"><\/div><div class=\"sdm_download_description\"><\/div><div class=\"sdm_download_size\"><span class=\"sdm_download_size_label\">Size: <\/span><span class=\"sdm_download_size_value\">9,909.68 Kb<\/span><\/div><div class=\"sdm_download_date\"><span class=\"sdm_download_date_label\">Published: <\/span><span class=\"sdm_download_date_value\">6 noviembre, 2025<\/span><\/div><div class=\"sdm_download_link\"><span class=\"sdm_download_button\"><a href=\"http:\/\/elcolegiodehidalgo.edu.mx\/psidetuh\/?sdm_process_download=1&download_id=157\" class=\"sdm_download green\" title=\"Vectoriales Eje Vial 2020\" target=\"_self\">Descargar<\/a><\/span><span class=\"sdm_download_item_count\"><span class=\"sdm_item_count_number\">105<\/span><span class=\"sdm_item_count_string\"> Downloads<\/span><\/span><\/div><\/div><div class=\"sdm_clear_float\"><\/div>\n\n\n<div class=\"sdm_download_item \"><div class=\"sdm_download_item_top\"><div class=\"sdm_download_thumbnail\"><\/div><div class=\"sdm_download_title\">Vectoriales Localidades Rurales 2020<\/div><\/div><div style=\"clear:both;\"><\/div><div class=\"sdm_download_description\"><\/div><div class=\"sdm_download_size\"><span class=\"sdm_download_size_label\">Size: <\/span><span class=\"sdm_download_size_value\">4,017.33 Kb<\/span><\/div><div class=\"sdm_download_link\"><span class=\"sdm_download_button\"><a href=\"http:\/\/elcolegiodehidalgo.edu.mx\/psidetuh\/?sdm_process_download=1&download_id=160\" class=\"sdm_download green\" title=\"Vectoriales Localidades Rurales 2020\" target=\"_self\">Descargar<\/a><\/span><span class=\"sdm_download_item_count\"><span class=\"sdm_item_count_number\">165<\/span><span class=\"sdm_item_count_string\"> Downloads<\/span><\/span><\/div><\/div><div class=\"sdm_clear_float\"><\/div>\n\n\n<div class=\"sdm_download_item \"><div class=\"sdm_download_item_top\"><div class=\"sdm_download_thumbnail\"><\/div><div class=\"sdm_download_title\">Vectoriales Localidades Urbanas 2020<\/div><\/div><div style=\"clear:both;\"><\/div><div class=\"sdm_download_description\"><\/div><div class=\"sdm_download_size\"><span class=\"sdm_download_size_label\">Size: <\/span><span class=\"sdm_download_size_value\">1,180.17 Kb<\/span><\/div><div class=\"sdm_download_link\"><span class=\"sdm_download_button\"><a href=\"http:\/\/elcolegiodehidalgo.edu.mx\/psidetuh\/?sdm_process_download=1&download_id=163\" class=\"sdm_download green\" title=\"Vectoriales Localidades Urbanas 2020\" target=\"_self\">Descargar<\/a><\/span><span class=\"sdm_download_item_count\"><span class=\"sdm_item_count_number\">146<\/span><span class=\"sdm_item_count_string\"> Downloads<\/span><\/span><\/div><\/div><div class=\"sdm_clear_float\"><\/div>\n\n\n\n<p><\/p>\n","protected":false},"excerpt":{"rendered":"<p>Instrucciones: Para la consulta de los siguientes archivos se requiere tener google earth en el dispositivo, el cual es de acceso gratuito y universal, al visualizar el mapa tem\u00e1tico tendr\u00e1 la facilidad de encontrar los indicadores asociados al dar click en cada uno de los municipios (o pol\u00edgonos vectoriales objeto de an\u00e1lisis) de igual forma [&hellip;]<\/p>\n","protected":false},"author":1,"featured_media":0,"parent":0,"menu_order":0,"comment_status":"closed","ping_status":"closed","template":"","meta":{"footnotes":""},"class_list":["post-137","page","type-page","status-publish","hentry"],"_links":{"self":[{"href":"http:\/\/elcolegiodehidalgo.edu.mx\/psidetuh\/wp-json\/wp\/v2\/pages\/137","targetHints":{"allow":["GET"]}}],"collection":[{"href":"http:\/\/elcolegiodehidalgo.edu.mx\/psidetuh\/wp-json\/wp\/v2\/pages"}],"about":[{"href":"http:\/\/elcolegiodehidalgo.edu.mx\/psidetuh\/wp-json\/wp\/v2\/types\/page"}],"author":[{"embeddable":true,"href":"http:\/\/elcolegiodehidalgo.edu.mx\/psidetuh\/wp-json\/wp\/v2\/users\/1"}],"replies":[{"embeddable":true,"href":"http:\/\/elcolegiodehidalgo.edu.mx\/psidetuh\/wp-json\/wp\/v2\/comments?post=137"}],"version-history":[{"count":6,"href":"http:\/\/elcolegiodehidalgo.edu.mx\/psidetuh\/wp-json\/wp\/v2\/pages\/137\/revisions"}],"predecessor-version":[{"id":165,"href":"http:\/\/elcolegiodehidalgo.edu.mx\/psidetuh\/wp-json\/wp\/v2\/pages\/137\/revisions\/165"}],"wp:attachment":[{"href":"http:\/\/elcolegiodehidalgo.edu.mx\/psidetuh\/wp-json\/wp\/v2\/media?parent=137"}],"curies":[{"name":"wp","href":"https:\/\/api.w.org\/{rel}","templated":true}]}}