{"id":132,"date":"2025-11-04T16:32:02","date_gmt":"2025-11-04T16:32:02","guid":{"rendered":"http:\/\/elcolegiodehidalgo.edu.mx\/psidetuh\/?page_id=132"},"modified":"2025-11-04T16:32:02","modified_gmt":"2025-11-04T16:32:02","slug":"documentos-y-normativas","status":"publish","type":"page","link":"http:\/\/elcolegiodehidalgo.edu.mx\/psidetuh\/documentos-y-normativas\/","title":{"rendered":"Documentos y Normativas"},"content":{"rendered":"\n<figure class=\"wp-block-table is-style-stripes\"><table class=\"has-fixed-layout\"><thead><tr><th>Titulo<\/th><th>Autor<\/th><\/tr><\/thead><tbody><tr><td><a href=\"http:\/\/elcolegiodehidalgo.edu.mx:90\/psidetuh\/index.php\/recursos\/documentos-y-normativas\/35-ley-de-la-agencia-nacional-de-seguridad-industrial-y-de-proteccion-al-medio-ambiente-del-sector-hidrocarburos\">Ley de la Agencia Nacional de Seguridad Industrial y de Protecci\u00f3n al Medio Ambiente del Sector Hidrocarburos<\/a><\/td><td>Escrito por Juan Carlos P\u00e9rez Olgu\u00edn<\/td><\/tr><tr><td><a href=\"http:\/\/elcolegiodehidalgo.edu.mx:90\/psidetuh\/index.php\/recursos\/documentos-y-normativas\/34-ley-de-ciencia-tecnologia-e-innovacion-del-estado-de-hidalgo\">Ley de Ciencia, Tecnolog\u00eda e Innovaci\u00f3n del Estado de Hidalgo<\/a><\/td><td>Escrito por Juan Carlos P\u00e9rez Olgu\u00edn<\/td><\/tr><tr><td><a href=\"http:\/\/elcolegiodehidalgo.edu.mx:90\/psidetuh\/index.php\/recursos\/documentos-y-normativas\/33-guia-ods\">Gu\u00eda ODS para el Estado de Hidalgo<\/a><\/td><td>Escrito por Juan Carlos P\u00e9rez Olgu\u00edn<\/td><\/tr><tr><td><a href=\"http:\/\/elcolegiodehidalgo.edu.mx:90\/psidetuh\/index.php\/recursos\/documentos-y-normativas\/32-ley-de-desarrollo-rural-sustentable\">Ley de Desarrollo Rural Sustentable<\/a><\/td><td>Escrito por Juan Carlos P\u00e9rez Olgu\u00edn<\/td><\/tr><tr><td><a href=\"http:\/\/elcolegiodehidalgo.edu.mx:90\/psidetuh\/index.php\/recursos\/documentos-y-normativas\/25-ley-general-de-desarrollo-social\">Ley General de Desarrollo Social<\/a><\/td><td>Escrito por Juan Carlos P\u00e9rez Olgu\u00edn<\/td><\/tr><tr><td><a href=\"http:\/\/elcolegiodehidalgo.edu.mx:90\/psidetuh\/index.php\/recursos\/documentos-y-normativas\/19-ley-general-del-equilibrio-ecologico-y-la-proteccion-al-ambiente\">Ley General del Equilibrio Ecol\u00f3gico y la Protecci\u00f3n al Ambiente<\/a><\/td><td>Escrito por Juan Carlos P\u00e9rez Olgu\u00edn<\/td><\/tr><tr><td><a href=\"http:\/\/elcolegiodehidalgo.edu.mx:90\/psidetuh\/index.php\/recursos\/documentos-y-normativas\/14-ley-general-de-asentamientos-humanos-ordenamiento-territorial-y-desarrollo-urbano\">Ley General de Asentamientos Humanos, Ordenamiento Territorial y Desarrollo Urbano<\/a><\/td><td>Escrito por Juan Carlos P\u00e9rez Olgu\u00edn<\/td><\/tr><\/tbody><\/table><\/figure>\n","protected":false},"excerpt":{"rendered":"<p>Titulo Autor Ley de la Agencia Nacional de Seguridad Industrial y de Protecci\u00f3n al Medio Ambiente del Sector Hidrocarburos Escrito por Juan Carlos P\u00e9rez Olgu\u00edn Ley de Ciencia, Tecnolog\u00eda e Innovaci\u00f3n del Estado de Hidalgo Escrito por Juan Carlos P\u00e9rez Olgu\u00edn Gu\u00eda ODS para el Estado de Hidalgo Escrito por Juan Carlos P\u00e9rez Olgu\u00edn Ley [&hellip;]<\/p>\n","protected":false},"author":1,"featured_media":0,"parent":0,"menu_order":0,"comment_status":"closed","ping_status":"closed","template":"","meta":{"footnotes":""},"class_list":["post-132","page","type-page","status-publish","hentry"],"_links":{"self":[{"href":"http:\/\/elcolegiodehidalgo.edu.mx\/psidetuh\/wp-json\/wp\/v2\/pages\/132","targetHints":{"allow":["GET"]}}],"collection":[{"href":"http:\/\/elcolegiodehidalgo.edu.mx\/psidetuh\/wp-json\/wp\/v2\/pages"}],"about":[{"href":"http:\/\/elcolegiodehidalgo.edu.mx\/psidetuh\/wp-json\/wp\/v2\/types\/page"}],"author":[{"embeddable":true,"href":"http:\/\/elcolegiodehidalgo.edu.mx\/psidetuh\/wp-json\/wp\/v2\/users\/1"}],"replies":[{"embeddable":true,"href":"http:\/\/elcolegiodehidalgo.edu.mx\/psidetuh\/wp-json\/wp\/v2\/comments?post=132"}],"version-history":[{"count":1,"href":"http:\/\/elcolegiodehidalgo.edu.mx\/psidetuh\/wp-json\/wp\/v2\/pages\/132\/revisions"}],"predecessor-version":[{"id":133,"href":"http:\/\/elcolegiodehidalgo.edu.mx\/psidetuh\/wp-json\/wp\/v2\/pages\/132\/revisions\/133"}],"wp:attachment":[{"href":"http:\/\/elcolegiodehidalgo.edu.mx\/psidetuh\/wp-json\/wp\/v2\/media?parent=132"}],"curies":[{"name":"wp","href":"https:\/\/api.w.org\/{rel}","templated":true}]}}