{"id":114,"date":"2025-10-28T22:48:25","date_gmt":"2025-10-28T22:48:25","guid":{"rendered":"http:\/\/elcolegiodehidalgo.edu.mx\/psidetuh\/?page_id=114"},"modified":"2025-12-03T16:11:31","modified_gmt":"2025-12-03T16:11:31","slug":"aplicaciones","status":"publish","type":"page","link":"http:\/\/elcolegiodehidalgo.edu.mx\/psidetuh\/aplicaciones\/","title":{"rendered":"Aplicaciones"},"content":{"rendered":"\n<figure class=\"wp-block-table\"><table class=\"has-fixed-layout\"><tbody><tr><td>T\u00edtulo<\/td><td>Autor<\/td><\/tr><tr><td><a href=\"http:\/\/elcolegiodehidalgo.edu.mx:90\/psidetuh\/index.php\/novedades\/aplicaciones\/76-opentopography\">OpenTopography<\/a><\/td><td>Escrito por Jos\u00e9 Iv\u00e1n Ram\u00edrez Avil\u00e9s<\/td><\/tr><tr><td><a href=\"http:\/\/elcolegiodehidalgo.edu.mx:90\/psidetuh\/index.php\/novedades\/aplicaciones\/75-hydroatlas\" target=\"_blank\" rel=\"noreferrer noopener\">HydroATLAS<\/a><\/td><td>Escrito por Jos\u00e9 Iv\u00e1n Ram\u00edrez Avil\u00e9s<\/td><\/tr><tr><td><a href=\"http:\/\/elcolegiodehidalgo.edu.mx:90\/psidetuh\/index.php\/novedades\/aplicaciones\/74-copernicus-open-access-hub\" target=\"_blank\" rel=\"noreferrer noopener\">Copernicus Open Access Hub<\/a><\/td><td>Escrito por Jos\u00e9 Iv\u00e1n Ram\u00edrez Avil\u00e9s<\/td><\/tr><tr><td><a href=\"http:\/\/elcolegiodehidalgo.edu.mx:90\/psidetuh\/index.php\/novedades\/aplicaciones\/73-openaerialmap\" target=\"_blank\" rel=\"noreferrer noopener\">OpenAerialMap<\/a><\/td><td>Escrito por Jos\u00e9 Iv\u00e1n Ram\u00edrez Avil\u00e9s<\/td><\/tr><tr><td><a href=\"http:\/\/elcolegiodehidalgo.edu.mx:90\/psidetuh\/index.php\/novedades\/aplicaciones\/72-google-maps-style-editor\" target=\"_blank\" rel=\"noreferrer noopener\">Google Maps Style Editor<\/a><\/td><td>Escrito por Jos\u00e9 Iv\u00e1n Ram\u00edrez Avil\u00e9s<\/td><\/tr><tr><td><a href=\"http:\/\/elcolegiodehidalgo.edu.mx\/psidetuh\/index.php\/novedades\/aplicaciones\/71-shadowmap\" target=\"_blank\" rel=\"noreferrer noopener\">Shadowmap<\/a><\/td><td>Escrito por Jos\u00e9 Iv\u00e1n Ram\u00edrez Avil\u00e9s<\/td><\/tr><tr><td><a href=\"http:\/\/elcolegiodehidalgo.edu.mx:90\/psidetuh\/index.php\/novedades\/aplicaciones\/70-promeai\" target=\"_blank\" rel=\"noreferrer noopener\">PromeAI<\/a><\/td><td>Escrito por Jos\u00e9 Iv\u00e1n Ram\u00edrez Avil\u00e9s<\/td><\/tr><tr><td><a href=\"http:\/\/elcolegiodehidalgo.edu.mx:90\/psidetuh\/index.php\/novedades\/aplicaciones\/69-f4map-2\" target=\"_blank\" rel=\"noreferrer noopener\">F4map<\/a><\/td><td>Escrito por Jos\u00e9 Iv\u00e1n Ram\u00edrez Avil\u00e9s<\/td><\/tr><tr><td><a href=\"http:\/\/elcolegiodehidalgo.edu.mx:90\/psidetuh\/index.php\/novedades\/aplicaciones\/68-nasa-earth-observations-neo\" target=\"_blank\" rel=\"noreferrer noopener\">NASA Earth Observations (NEO)<\/a><\/td><td>Escrito por Jos\u00e9 Iv\u00e1n Ram\u00edrez Avil\u00e9s<\/td><\/tr><tr><td><a href=\"http:\/\/elcolegiodehidalgo.edu.mx:90\/psidetuh\/index.php\/novedades\/aplicaciones\/67-openstreetmap-osm\" target=\"_blank\" rel=\"noreferrer noopener\">OpenStreetMap (OSM)<\/a><\/td><td>Escrito por Jos\u00e9 Iv\u00e1n Ram\u00edrez Avil\u00e9s<\/td><\/tr><tr><td><a href=\"http:\/\/elcolegiodehidalgo.edu.mx:90\/psidetuh\/index.php\/novedades\/aplicaciones\/66-earth-explorer\" target=\"_blank\" rel=\"noreferrer noopener\">Earth Explorer<\/a><\/td><td>Escrito por Jos\u00e9 Iv\u00e1n Ram\u00edrez Avil\u00e9s<\/td><\/tr><tr><td><a href=\"http:\/\/elcolegiodehidalgo.edu.mx\/psidetuh\/index.php\/novedades\/aplicaciones\/65-natural-earth\">Natural Ea<\/a><a href=\"http:\/\/elcolegiodehidalgo.edu.mx:90\/psidetuh\/index.php\/novedades\/aplicaciones\/65-natural-earth\" target=\"_blank\" rel=\"noreferrer noopener\">r<\/a><a href=\"http:\/\/elcolegiodehidalgo.edu.mx\/psidetuh\/index.php\/novedades\/aplicaciones\/65-natural-earth\">th<\/a><\/td><td>Escrito por Jos\u00e9 Iv\u00e1n Ram\u00edrez Avil\u00e9s<\/td><\/tr><tr><td><a href=\"http:\/\/elcolegiodehidalgo.edu.mx:90\/psidetuh\/index.php\/novedades\/aplicaciones\/64-arcgis-open-data\" target=\"_blank\" rel=\"noreferrer noopener\">ArcGIS Open Data<\/a><\/td><td>Escrito por Jos\u00e9 Iv\u00e1n Ram\u00edrez Avil\u00e9s<\/td><\/tr><tr><td><a href=\"http:\/\/elcolegiodehidalgo.edu.mx:90\/psidetuh\/index.php\/novedades\/aplicaciones\/61-diva-gis\" target=\"_blank\" rel=\"noreferrer noopener\">DIVA-GIS<\/a><\/td><td>Escrito por Jos\u00e9 Iv\u00e1n Ram\u00edrez Avil\u00e9s<\/td><\/tr><tr><td><a href=\"http:\/\/elcolegiodehidalgo.edu.mx:90\/psidetuh\/index.php\/novedades\/aplicaciones\/57-geopy\" target=\"_blank\" rel=\"noreferrer noopener\">GeoPy<\/a><\/td><td>Escrito por Jos\u00e9 Iv\u00e1n Ram\u00edrez Avil\u00e9s<\/td><\/tr><tr><td><a href=\"http:\/\/elcolegiodehidalgo.edu.mx:90\/psidetuh\/index.php\/novedades\/aplicaciones\/56-geoda-2\" target=\"_blank\" rel=\"noreferrer noopener\">GeoDa<\/a><\/td><td>Escrito por Jos\u00e9 Iv\u00e1n Ram\u00edrez Avil\u00e9s<\/td><\/tr><tr><td><a href=\"http:\/\/elcolegiodehidalgo.edu.mx:90\/psidetuh\/index.php\/novedades\/aplicaciones\/55-juxtapose\" target=\"_blank\" rel=\"noreferrer noopener\">Juxtapose<\/a><\/td><td>Escrito por Jos\u00e9 Iv\u00e1n Ram\u00edrez Avil\u00e9s<\/td><\/tr><tr><td><a href=\"http:\/\/elcolegiodehidalgo.edu.mx:90\/psidetuh\/index.php\/novedades\/aplicaciones\/54-atlist\" target=\"_blank\" rel=\"noreferrer noopener\">AtList<\/a><\/td><td>Escrito por Jos\u00e9 Iv\u00e1n Ram\u00edrez Avil\u00e9s<\/td><\/tr><tr><td><a href=\"http:\/\/elcolegiodehidalgo.edu.mx:90\/psidetuh\/index.php\/novedades\/aplicaciones\/49-snazzy-maps\" target=\"_blank\" rel=\"noreferrer noopener\">Snazzy Maps<\/a><\/td><td>Escrito por Jos\u00e9 Iv\u00e1n Ram\u00edrez Avil\u00e9s<\/td><\/tr><tr><td><a href=\"http:\/\/elcolegiodehidalgo.edu.mx:90\/psidetuh\/index.php\/novedades\/aplicaciones\/48-openstreetmap\" target=\"_blank\" rel=\"noreferrer noopener\">OpenStreetMap<\/a><\/td><td>Escrito por Jos\u00e9 Iv\u00e1n Ram\u00edrez Avil\u00e9s<\/td><\/tr><tr><td><a href=\"http:\/\/elcolegiodehidalgo.edu.mx:90\/psidetuh\/index.php\/novedades\/aplicaciones\/47-f4map\" target=\"_blank\" rel=\"noreferrer noopener\">F4map<\/a><\/td><td>Escrito por Jos\u00e9 Iv\u00e1n Ram\u00edrez Avil\u00e9s<\/td><\/tr><tr><td><a href=\"http:\/\/elcolegiodehidalgo.edu.mx:90\/psidetuh\/index.php\/novedades\/aplicaciones\/46-arcgis\" data-type=\"link\" data-id=\"http:\/\/elcolegiodehidalgo.edu.mx:90\/psidetuh\/index.php\/novedades\/aplicaciones\/46-arcgis\" target=\"_blank\" rel=\"noreferrer noopener\">ArcGIS<\/a><\/td><td>Escrito por Jos\u00e9 Iv\u00e1n Ram\u00edrez Avil\u00e9s<\/td><\/tr><tr><td><a href=\"http:\/\/elcolegiodehidalgo.edu.mx:90\/psidetuh\/index.php\/novedades\/aplicaciones\/24-savgis\" target=\"_blank\" rel=\"noreferrer noopener\">SavGis<\/a><\/td><td>Escrito por Juan Carlos P\u00e9rez Olgu\u00edn<\/td><\/tr><tr><td><a href=\"http:\/\/elcolegiodehidalgo.edu.mx\/psidetuh\/index.php\/novedades\/aplicaciones\/23-landusesim\" target=\"_blank\" rel=\"noreferrer noopener\">LanduseSim<\/a><\/td><td>Escrito por Juan Carlos P\u00e9rez Olgu\u00edn<\/td><\/tr><tr><td><a href=\"http:\/\/elcolegiodehidalgo.edu.mx:90\/psidetuh\/index.php\/novedades\/aplicaciones\/22-colorbrewer-2-0\" target=\"_blank\" rel=\"noreferrer noopener\">ColorBrewer<\/a><\/td><td>Escrito por Juan Carlos P\u00e9rez Olgu\u00edn<\/td><\/tr><tr><td><a href=\"http:\/\/elcolegiodehidalgo.edu.mx:90\/psidetuh\/index.php\/novedades\/aplicaciones\/21-openjump\" target=\"_blank\" rel=\"noreferrer noopener\">OpenJUMP<\/a><\/td><td>Escrito por Juan Carlos P\u00e9rez Olgu\u00edn<\/td><\/tr><tr><td><a href=\"http:\/\/elcolegiodehidalgo.edu.mx:90\/psidetuh\/index.php\/novedades\/aplicaciones\/20-geosos\" target=\"_blank\" rel=\"noreferrer noopener\">GeoSOS<\/a><\/td><td>Escrito por Juan Carlos P\u00e9rez Olgu\u00edn<\/td><\/tr><tr><td><a href=\"http:\/\/elcolegiodehidalgo.edu.mx:90\/psidetuh\/index.php\/novedades\/aplicaciones\/18-geoda\" target=\"_blank\" rel=\"noreferrer noopener\">GeoDa<\/a><\/td><td>Escrito por Juan Carlos P\u00e9rez Olgu\u00edn<\/td><\/tr><tr><td><a href=\"http:\/\/elcolegiodehidalgo.edu.mx:90\/psidetuh\/index.php\/novedades\/aplicaciones\/17-gvsig\" target=\"_blank\" rel=\"noreferrer noopener\">gvSIG<\/a><\/td><td>Escrito por Juan Carlos P\u00e9rez Olgu\u00edn<\/td><\/tr><tr><td><a href=\"http:\/\/elcolegiodehidalgo.edu.mx:90\/psidetuh\/index.php\/novedades\/aplicaciones\/16-qgis\" target=\"_blank\" rel=\"noreferrer noopener\">QGIS<\/a><\/td><td>Escrito por Juan Carlos P\u00e9rez Olgu\u00edn<\/td><\/tr><\/tbody><\/table><\/figure>\n\n\n\n<p><\/p>\n","protected":false},"excerpt":{"rendered":"<p>T\u00edtulo Autor OpenTopography Escrito por Jos\u00e9 Iv\u00e1n Ram\u00edrez Avil\u00e9s HydroATLAS Escrito por Jos\u00e9 Iv\u00e1n Ram\u00edrez Avil\u00e9s Copernicus Open Access Hub Escrito por Jos\u00e9 Iv\u00e1n Ram\u00edrez Avil\u00e9s OpenAerialMap Escrito por Jos\u00e9 Iv\u00e1n Ram\u00edrez Avil\u00e9s Google Maps Style Editor Escrito por Jos\u00e9 Iv\u00e1n Ram\u00edrez Avil\u00e9s Shadowmap Escrito por Jos\u00e9 Iv\u00e1n Ram\u00edrez Avil\u00e9s PromeAI Escrito por Jos\u00e9 Iv\u00e1n [&hellip;]<\/p>\n","protected":false},"author":1,"featured_media":0,"parent":0,"menu_order":0,"comment_status":"closed","ping_status":"closed","template":"","meta":{"footnotes":""},"class_list":["post-114","page","type-page","status-publish","hentry"],"_links":{"self":[{"href":"http:\/\/elcolegiodehidalgo.edu.mx\/psidetuh\/wp-json\/wp\/v2\/pages\/114","targetHints":{"allow":["GET"]}}],"collection":[{"href":"http:\/\/elcolegiodehidalgo.edu.mx\/psidetuh\/wp-json\/wp\/v2\/pages"}],"about":[{"href":"http:\/\/elcolegiodehidalgo.edu.mx\/psidetuh\/wp-json\/wp\/v2\/types\/page"}],"author":[{"embeddable":true,"href":"http:\/\/elcolegiodehidalgo.edu.mx\/psidetuh\/wp-json\/wp\/v2\/users\/1"}],"replies":[{"embeddable":true,"href":"http:\/\/elcolegiodehidalgo.edu.mx\/psidetuh\/wp-json\/wp\/v2\/comments?post=114"}],"version-history":[{"count":7,"href":"http:\/\/elcolegiodehidalgo.edu.mx\/psidetuh\/wp-json\/wp\/v2\/pages\/114\/revisions"}],"predecessor-version":[{"id":178,"href":"http:\/\/elcolegiodehidalgo.edu.mx\/psidetuh\/wp-json\/wp\/v2\/pages\/114\/revisions\/178"}],"wp:attachment":[{"href":"http:\/\/elcolegiodehidalgo.edu.mx\/psidetuh\/wp-json\/wp\/v2\/media?parent=114"}],"curies":[{"name":"wp","href":"https:\/\/api.w.org\/{rel}","templated":true}]}}