{"id":100,"date":"2025-10-28T22:20:16","date_gmt":"2025-10-28T22:20:16","guid":{"rendered":"http:\/\/elcolegiodehidalgo.edu.mx\/psidetuh\/?page_id=100"},"modified":"2025-10-30T19:58:04","modified_gmt":"2025-10-30T19:58:04","slug":"monitor-socioterritorial-infraestructura-terrestre-y-saneaiento-hidrico-sur-suroeste-hidalgo","status":"publish","type":"page","link":"http:\/\/elcolegiodehidalgo.edu.mx\/psidetuh\/monitor-socioterritorial-infraestructura-terrestre-y-saneaiento-hidrico-sur-suroeste-hidalgo\/","title":{"rendered":"Monitor Socioterritorial, Infraestructura terrestre y Saneaiento Hidrico (Sur-Suroeste, Hidalgo)"},"content":{"rendered":"\n<p>Objetivo: Explorar las incipientes transformaciones y escenarios socio-territoriales de los megaproyectos regionales y sus desaf\u00edos y oportunidades para m\u00faltiples temas sociales, econ\u00f3micos, ambientales y de gobernanza, no solo a nivel local sino incluso megalopolitano y nacional, otorgando un \u00e9nfasis a grupos vulnerables de poblaci\u00f3n y con primordial atenci\u00f3n en aspectos culturales y sociales<\/p>\n\n\n\n<hr class=\"wp-block-separator has-alpha-channel-opacity\"\/>\n\n\n\n<h1 class=\"wp-block-heading\">Tren AIFA-Pachuca: concluye exploraci\u00f3n arqueol\u00f3gica en tramo correspondiente a Hidalgo<\/h1>\n\n\n\n<p>Con poco m\u00e1s de tres meses de iniciar la ejecuci\u00f3n de obras del proyecto ferroviario denominado \u201cTren AIFA-Pachuca\u201d, el gobernador de Hidalgo, Julio Menchaca Salazar, efectu\u00f3 un recorrido de supervisi\u00f3n junto con el general del Agrupamiento de Ingenieros de Obras Militares &#8220;Felipe \u00c1ngeles&#8221; de la Secretar\u00eda de la Defensa Nacional (Sedena), Gustavo Ricardo Vallejo Su\u00e1rez.<\/p>\n\n\n\n<p>Durante esta visita al tramo \u201cFrente 3\u201d, correspondiente al sitio donde se prev\u00e9 edificar la estaci\u00f3n de Platah en el municipio de Villa de Tezontepec hasta el Jag\u00fcey de T\u00e9llez en Zempoala. El mandatario estatal constat\u00f3 el avance de este proyecto inaugurado el pasado 22 de marzo por la presidenta de la Rep\u00fablica, Claudia Sheinbaum Pardo; donde personal militar resalt\u00f3 las acciones que incluyen retiro de rieles y durmientes de v\u00eda antigua, despalme y limpieza sobre el derecho de v\u00eda, excavaciones, carga y retiro de material org\u00e1nico, as\u00ed como exploraci\u00f3n geof\u00edsica y geot\u00e9cnica.<\/p>\n\n\n\n<p>Una vez terminado este trabajo de preparaci\u00f3n, detall\u00f3 Vallejo Su\u00e1rez, se planea los pasos vehiculares, ganaderos y obras de drenaje transversal; pues el proyecto contempla como obras complementarias el desplazamiento de la v\u00eda de carga para emplazar las dos v\u00edas necesarias para el tren de pasajeros, ida y vuelta, cerca de 20 kil\u00f3metros de v\u00eda f\u00e9rrea que deben remover.<\/p>\n\n\n\n<p>Tambi\u00e9n contempla dos subestaciones el\u00e9ctricas para el servicio de este tren el\u00e9ctrico, as\u00ed como la colocaci\u00f3n de 500 kil\u00f3metros de cable suspendido de dos mil 400 postes galvanizados para energizar el Tren M\u00e9xico-Pachuca. Finalmente, se contemplan 56 obras de drenaje transversal, entre las que se incluye el levantamiento de la v\u00eda f\u00e9rrea en al menos un metro para evitar inundaciones de las mismas; 12 puentes para veh\u00edculos y 14 pasos superiores, debido a que la zona es propensa a inundaciones; as\u00ed como la reposici\u00f3n de la infraestructura sobre el trazo de la ruta de Petr\u00f3leos Mexicanos (Pemex), Comisi\u00f3n Federal de Electricidad (CFE), Comisi\u00f3n Nacional del Agua (Conagua), y Gas Natural.<\/p>\n\n\n\n<blockquote class=\"wp-block-quote is-layout-flow wp-block-quote-is-layout-flow\">\n<p>\u201cSe contempla tambi\u00e9n un paso ganadero que vamos a dejar para que pueda circular, o atravesar la plataforma de v\u00eda, los due\u00f1os de parcelas o personas agricultoras. Se eval\u00faa tambi\u00e9n un camino de servicio que normalmente se requiere para revisar la v\u00eda del tren, antes de que salga el tren con pasajeros se revisa la ruta, as\u00ed como un servicio de seguridad para verificar que no haya robo de materiales, cables u obstrucci\u00f3n de la ruta. Pero, requiere m\u00e1s derecho de v\u00eda; sin embargo, la plataforma va confinada con malla de protecci\u00f3n y el derecho de v\u00eda con postes con alambre de p\u00faas, por eso la gente debe entender de que no es \u2018paso franco\u2019, libre, ya no se puede dar por este proyecto\u201d, se\u00f1al\u00f3 el general de la brigada de ingenieros militares.<\/p>\n<\/blockquote>\n\n\n\n<p>Igualmente, apunt\u00f3, anteriormente se ten\u00eda una v\u00eda con altura de un metro, mientras que ahora<strong>&nbsp;se prev\u00e9 una edificaci\u00f3n de cuatro o cinco metros de altura<\/strong>, por lo cual sumado a la protecci\u00f3n de la v\u00eda f\u00e9rrea ser\u00e1 imposible cruzar como antes, \u201ces importante que sepa la gente d\u00f3nde van a estar los cruces, pasos vehiculares y zonas de drenaje transversal para mantener esa comunicaci\u00f3n y no aislar a las comunidades\u201d.<\/p>\n\n\n\n<p>Finalmente, record\u00f3 que desde el primero de abril se cuenta con el&nbsp;<strong>permiso de impacto ambiental<\/strong>, por lo cual es otro requisito cumplido al 100 por ciento para seguir con este proyecto federal, que seg\u00fan adelant\u00f3 la presidenta de la Rep\u00fablica debe estar listo en agosto del 2026.<\/p>\n\n\n<div class=\"wp-block-image\">\n<figure class=\"aligncenter\"><img decoding=\"async\" src=\"http:\/\/elcolegiodehidalgo.edu.mx:90\/psidetuh\/images\/AA1FXuye.jpg\" alt=\"\"\/><\/figure>\n<\/div>\n\n\n<p class=\"has-text-align-center\"><a href=\"https:\/\/www.msn.com\/es-mx\/noticias\/mexico\/tren-aifa-pachuca-concluye-exploraci%C3%B3n-arqueol%C3%B3gica-en-tramo-correspondiente-a-hidalgo\/ar-AA1IK15S\" target=\"_blank\" rel=\"noreferrer noopener\">Noticia<\/a><\/p>\n\n\n\n<hr class=\"wp-block-separator has-alpha-channel-opacity\"\/>\n\n\n\n<h1 class=\"wp-block-heading\">Vivienda para el Bienestar 2025: \u00bfCu\u00e1nto pagar\u00edas de mensualidad si saliste beneficiario de la Conavi?<\/h1>\n\n\n\n<p>Uno de los problemas sociales a los que los mexicanos se enfrentan es la crisis de vivienda, debido a los altos costos para la renta o adquisici\u00f3n de inmuebles para casa &#8211; habitaci\u00f3n. Es por eso que el Gobierno de M\u00e9xico, ha puesto en marcha el programa&nbsp;<a href=\"https:\/\/wradio.com.mx\/2025\/07\/07\/vivienda-para-el-bienestar-2025-arranca-en-julio-registro-al-programa-de-la-conavi-estos-son-los-requisitos\/\" target=\"_blank\" rel=\"noreferrer noopener\">Vivienda para el Bienestar<\/a>.<\/p>\n\n\n\n<p>Junto con la Comisi\u00f3n Nacional de Vivienda (Conavi), este programa social tiene como objetivo apoyar a los sectores vulnerables con viviendas asequibles construidas directamente por el gobierno federal, que puedan adquirir a trav\u00e9s de cuotas accesibles y a continuaci\u00f3n te explicamos c\u00f3mo quedar\u00edan estos pagos mensuales al ser beneficiario.<\/p>\n\n\n\n<h2 class=\"wp-block-heading\">\u00bfDe cu\u00e1nto es la mensualidad por una vivienda del Bienestar?<\/h2>\n\n\n\n<p>Lo que ayudar\u00e1 a que los ciudadanos puedan adquirir un lugar digno para vivir, ser\u00e1n las cuotas mensuales que se adaptan a sus necesidades, las cuales se basar\u00e1n en los ingresos m\u00ednimos de cada familia para definir el monto mensual que pagar\u00e1, sin que este rebase el 30% del ingreso familiar, como lo establece la pol\u00edtica habitacional. De este modo&#8230;<\/p>\n\n\n\n<blockquote class=\"wp-block-quote is-layout-flow wp-block-quote-is-layout-flow\">\n<ul class=\"wp-block-list\">\n<li>Si una familia vive con un solo salario m\u00ednimo (equivalente a $8,480.17 mensuales en 2025), el pago ser\u00eda de aproximadamente $2,544 pesos al mes.<\/li>\n\n\n\n<li>En caso de que los ingresos sean de hasta dos salarios m\u00ednimos, el pago mensual m\u00e1ximo ser\u00eda de $5,088 pesos.<\/li>\n<\/ul>\n<\/blockquote>\n\n\n<div class=\"wp-block-image\">\n<figure class=\"aligncenter\"><img decoding=\"async\" src=\"http:\/\/elcolegiodehidalgo.edu.mx:90\/psidetuh\/images\/GtrWfnraUAA8zTe.jpg\" alt=\"\"\/><\/figure>\n<\/div>\n\n\n<p class=\"has-text-align-center\"><a href=\"https:\/\/wradio.com.mx\/2025\/07\/17\/vivienda-para-el-bienestar-2025-cuanto-pagarias-de-mensualidad-si-saliste-beneficiario-de-la-conavi\/\" target=\"_blank\" rel=\"noreferrer noopener\">Noticia<\/a><\/p>\n","protected":false},"excerpt":{"rendered":"<p>Objetivo: Explorar las incipientes transformaciones y escenarios socio-territoriales de los megaproyectos regionales y sus desaf\u00edos y oportunidades para m\u00faltiples temas sociales, econ\u00f3micos, ambientales y de gobernanza, no solo a nivel local sino incluso megalopolitano y nacional, otorgando un \u00e9nfasis a grupos vulnerables de poblaci\u00f3n y con primordial atenci\u00f3n en aspectos culturales y sociales Tren AIFA-Pachuca: [&hellip;]<\/p>\n","protected":false},"author":1,"featured_media":0,"parent":0,"menu_order":0,"comment_status":"closed","ping_status":"closed","template":"","meta":{"footnotes":""},"class_list":["post-100","page","type-page","status-publish","hentry"],"_links":{"self":[{"href":"http:\/\/elcolegiodehidalgo.edu.mx\/psidetuh\/wp-json\/wp\/v2\/pages\/100","targetHints":{"allow":["GET"]}}],"collection":[{"href":"http:\/\/elcolegiodehidalgo.edu.mx\/psidetuh\/wp-json\/wp\/v2\/pages"}],"about":[{"href":"http:\/\/elcolegiodehidalgo.edu.mx\/psidetuh\/wp-json\/wp\/v2\/types\/page"}],"author":[{"embeddable":true,"href":"http:\/\/elcolegiodehidalgo.edu.mx\/psidetuh\/wp-json\/wp\/v2\/users\/1"}],"replies":[{"embeddable":true,"href":"http:\/\/elcolegiodehidalgo.edu.mx\/psidetuh\/wp-json\/wp\/v2\/comments?post=100"}],"version-history":[{"count":1,"href":"http:\/\/elcolegiodehidalgo.edu.mx\/psidetuh\/wp-json\/wp\/v2\/pages\/100\/revisions"}],"predecessor-version":[{"id":101,"href":"http:\/\/elcolegiodehidalgo.edu.mx\/psidetuh\/wp-json\/wp\/v2\/pages\/100\/revisions\/101"}],"wp:attachment":[{"href":"http:\/\/elcolegiodehidalgo.edu.mx\/psidetuh\/wp-json\/wp\/v2\/media?parent=100"}],"curies":[{"name":"wp","href":"https:\/\/api.w.org\/{rel}","templated":true}]}}