{"id":10,"date":"2022-05-03T18:59:07","date_gmt":"2022-05-03T18:59:07","guid":{"rendered":"http:\/\/localhost\/psidetuh\/wordpress\/2022\/05\/03\/tramites\/"},"modified":"2025-10-30T20:01:00","modified_gmt":"2025-10-30T20:01:00","slug":"tramites","status":"publish","type":"page","link":"http:\/\/elcolegiodehidalgo.edu.mx\/psidetuh\/tramites\/","title":{"rendered":"Tr\u00e1mites"},"content":{"rendered":"<p style=\"text-align: justify;\"><span style=\"font-family: arial, helvetica, sans-serif; font-size: 10pt; color: #333333;\">Si desea consultar la informaci\u00f3n contenida en este sitio o conocer la forma en que se pueden visualizar estos archivos electr\u00f3nicos, deber\u00e1 acudir al Centro de Informaci\u00f3n y Biblioteca Manuel Fernando Soto Pastrana dentro de las instalaciones de El Colegio del Estado de Hidalgo.<\/span><\/p>\n<p style=\"text-align: justify;\"><span style=\"font-family: arial, helvetica, sans-serif; font-size: 10pt;\"><span style=\"color: #333333;\">Podr\u00e1 agendar su cita al correo:<\/span> <a href=\"mailto:obonilla@elcolegiodehidalgo.edu.mx\">obonilla@elcolegiodehidalgo.edu.mx<\/a>\u00a0<span style=\"color: #333333;\">o a los tel\u00e9fonos 771 138 3079 y 771 138 3080 ext. 0, donde con gusto lo atenderemos de lunes a viernes en un horario de 08:30 a 16:30 horas.\u00a0<\/span><\/span><\/p>\n","protected":false},"excerpt":{"rendered":"<p>Si desea consultar la informaci\u00f3n contenida en este sitio o conocer la forma en que se pueden visualizar estos archivos electr\u00f3nicos, deber\u00e1 acudir al Centro de Informaci\u00f3n y Biblioteca Manuel Fernando Soto Pastrana dentro de las instalaciones de El Colegio del Estado de Hidalgo. Podr\u00e1 agendar su cita al correo: obonilla@elcolegiodehidalgo.edu.mx\u00a0o a los tel\u00e9fonos 771 [&hellip;]<\/p>\n","protected":false},"author":1,"featured_media":0,"parent":0,"menu_order":3,"comment_status":"closed","ping_status":"open","template":"","meta":{"footnotes":""},"class_list":["post-10","page","type-page","status-publish","hentry"],"_links":{"self":[{"href":"http:\/\/elcolegiodehidalgo.edu.mx\/psidetuh\/wp-json\/wp\/v2\/pages\/10","targetHints":{"allow":["GET"]}}],"collection":[{"href":"http:\/\/elcolegiodehidalgo.edu.mx\/psidetuh\/wp-json\/wp\/v2\/pages"}],"about":[{"href":"http:\/\/elcolegiodehidalgo.edu.mx\/psidetuh\/wp-json\/wp\/v2\/types\/page"}],"author":[{"embeddable":true,"href":"http:\/\/elcolegiodehidalgo.edu.mx\/psidetuh\/wp-json\/wp\/v2\/users\/1"}],"replies":[{"embeddable":true,"href":"http:\/\/elcolegiodehidalgo.edu.mx\/psidetuh\/wp-json\/wp\/v2\/comments?post=10"}],"version-history":[{"count":1,"href":"http:\/\/elcolegiodehidalgo.edu.mx\/psidetuh\/wp-json\/wp\/v2\/pages\/10\/revisions"}],"predecessor-version":[{"id":94,"href":"http:\/\/elcolegiodehidalgo.edu.mx\/psidetuh\/wp-json\/wp\/v2\/pages\/10\/revisions\/94"}],"wp:attachment":[{"href":"http:\/\/elcolegiodehidalgo.edu.mx\/psidetuh\/wp-json\/wp\/v2\/media?parent=10"}],"curies":[{"name":"wp","href":"https:\/\/api.w.org\/{rel}","templated":true}]}}