{"id":304,"date":"2025-05-29T18:34:55","date_gmt":"2025-05-29T18:34:55","guid":{"rendered":"http:\/\/192.168.10.104\/drjose\/?page_id=304"},"modified":"2025-05-29T18:34:55","modified_gmt":"2025-05-29T18:34:55","slug":"dra-gabriela-y","status":"publish","type":"page","link":"http:\/\/elcolegiodehidalgo.edu.mx\/Observatorio_Megalopolitano_Hgo\/dra-gabriela-y\/","title":{"rendered":"Dra. Gabriela Y."},"content":{"rendered":"\n<div style=\"height:37px\" aria-hidden=\"true\" class=\"wp-block-spacer\"><\/div>\n\n\n\n<div class=\"wp-block-media-text is-stacked-on-mobile\" style=\"border-style:none;border-width:0px;border-radius:0px;padding-top:0;padding-right:0;padding-bottom:0;padding-left:0;grid-template-columns:18% auto\"><figure class=\"wp-block-media-text__media\"><img fetchpriority=\"high\" decoding=\"async\" width=\"1024\" height=\"683\" src=\"http:\/\/192.168.10.104\/drjose\/wp-content\/uploads\/2025\/05\/Dr_GabrielaC-1024x683.jpg\" alt=\"\" class=\"wp-image-306 size-full\" srcset=\"http:\/\/elcolegiodehidalgo.edu.mx\/Observatorio_Megalopolitano_Hgo\/wp-content\/uploads\/2025\/05\/Dr_GabrielaC-1024x683.jpg 1024w, http:\/\/elcolegiodehidalgo.edu.mx\/Observatorio_Megalopolitano_Hgo\/wp-content\/uploads\/2025\/05\/Dr_GabrielaC-300x200.jpg 300w, http:\/\/elcolegiodehidalgo.edu.mx\/Observatorio_Megalopolitano_Hgo\/wp-content\/uploads\/2025\/05\/Dr_GabrielaC-768x512.jpg 768w, http:\/\/elcolegiodehidalgo.edu.mx\/Observatorio_Megalopolitano_Hgo\/wp-content\/uploads\/2025\/05\/Dr_GabrielaC-1536x1024.jpg 1536w, http:\/\/elcolegiodehidalgo.edu.mx\/Observatorio_Megalopolitano_Hgo\/wp-content\/uploads\/2025\/05\/Dr_GabrielaC-2048x1365.jpg 2048w\" sizes=\"(max-width: 1024px) 100vw, 1024px\" \/><\/figure><div class=\"wp-block-media-text__content\">\n<p class=\"has-large-font-size\"><strong>Dra. Gabriela Y. Casta\u00f1on Garc\u00eda<\/strong><\/p>\n\n\n\n<p><strong>Correo:<\/strong>&nbsp;<a href=\"mailto:pbadillo@elcolegiodehidalgo.edu.mx\"><\/a><a href=\"mailto:ecarrillo@elcolegiodehidalgo.edu.mx\"><\/a><a href=\"mailto:gcastanon@elcolegiodehidalgo.edu.mx\" target=\"_blank\" rel=\"noreferrer noopener\">gcastanon@elcolegiodehidalgo.edu.mx<\/a><\/p>\n\n\n\n<p><strong>Horario de atenci\u00f3n:&nbsp;<\/strong>08:30 a 16:30 horas<\/p>\n\n\n\n<p><strong>Direcci\u00f3n postal:&nbsp;<\/strong>Parque Cient\u00edfico y Tecnol\u00f3gico del Estado de Hidalgo, Edificio Tecnolog\u00eda, Bldv. Circuito La Concepci\u00f3n No. 3, C.P. 42162, La Concepci\u00f3n, San Agust\u00edn Tlaxiaca, Hidalgo.<\/p>\n<\/div><\/div>\n\n\n\n<div style=\"height:37px\" aria-hidden=\"true\" class=\"wp-block-spacer\"><\/div>\n\n\n\n<p>Doctora en Ciencias Pol\u00edticas por la Universidad Paris I Panth\u00e9on Sorbonne, Maestra en Diplomacia por el Instituto Mat\u00edas Romero y Licenciada en Relaciones Internacionales por la Universidad Iberoamericana. Profesora Investigadora de El Colegio del Estado de Hidalgo. Miembro de la Latin American Studies Association (LASA) y de la International Studies Association (ISA), integrante de la Red de Investigaci\u00f3n sobre Mujeres en la Pol\u00edtica. Fue coordinadora de la Red de Calidad de la Democracia en Hidalgo y coordinadora de la Maestr\u00eda en Gobierno y Gesti\u00f3n Local de la UAEH. Ha sido evaluadora de gobiernos municipales en el Instituto Hidalguense para el Desarrollo Municipal, INDEMUN. En su experiencia profesional ha ocupado diversos cargos como funcionaria p\u00fablica a nivel federal y estatal. Recibi\u00f3 la Medalla al M\u00e9rito Cultural y Libertario en el a\u00f1o 2022 y el Premio Internacional Gaviota en el 2024 por su trayectoria como humanista, feminista y cient\u00edfica social.<br>Recibi\u00f3 el Reconocimiento en el Sistema Nacional de Investigadoras e Investigadores (SNII) como Investigadora Nacional Nivel 1 para el periodo 2025-2029. Sus l\u00edneas de investigaci\u00f3n se enfocan en pol\u00edticas p\u00fablicas con perspectiva de g\u00e9nero, participaci\u00f3n pol\u00edtica de las mujeres, pol\u00edticas p\u00fablicas de inclusi\u00f3n social, migraci\u00f3n internacional, sociedad civil, gobierno y gesti\u00f3n p\u00fablica.<\/p>\n\n\n\n<p>Twitter: @castanongab<\/p>\n\n\n\n<div style=\"height:37px\" aria-hidden=\"true\" class=\"wp-block-spacer\"><\/div>\n","protected":false},"excerpt":{"rendered":"<p>Dra. Gabriela Y. Casta\u00f1on Garc\u00eda Correo:&nbsp;gcastanon@elcolegiodehidalgo.edu.mx Horario de atenci\u00f3n:&nbsp;08:30 a 16:30 horas Direcci\u00f3n postal:&nbsp;Parque Cient\u00edfico y Tecnol\u00f3gico del Estado de Hidalgo, Edificio Tecnolog\u00eda, Bldv. Circuito La Concepci\u00f3n No. 3, C.P. 42162, La Concepci\u00f3n, San Agust\u00edn Tlaxiaca, Hidalgo. Doctora en Ciencias Pol\u00edticas por la Universidad Paris I Panth\u00e9on Sorbonne, Maestra en Diplomacia por el Instituto Mat\u00edas [&hellip;]<\/p>\n","protected":false},"author":1,"featured_media":0,"parent":0,"menu_order":0,"comment_status":"closed","ping_status":"closed","template":"","meta":{"footnotes":""},"class_list":["post-304","page","type-page","status-publish","hentry"],"_links":{"self":[{"href":"http:\/\/elcolegiodehidalgo.edu.mx\/Observatorio_Megalopolitano_Hgo\/wp-json\/wp\/v2\/pages\/304","targetHints":{"allow":["GET"]}}],"collection":[{"href":"http:\/\/elcolegiodehidalgo.edu.mx\/Observatorio_Megalopolitano_Hgo\/wp-json\/wp\/v2\/pages"}],"about":[{"href":"http:\/\/elcolegiodehidalgo.edu.mx\/Observatorio_Megalopolitano_Hgo\/wp-json\/wp\/v2\/types\/page"}],"author":[{"embeddable":true,"href":"http:\/\/elcolegiodehidalgo.edu.mx\/Observatorio_Megalopolitano_Hgo\/wp-json\/wp\/v2\/users\/1"}],"replies":[{"embeddable":true,"href":"http:\/\/elcolegiodehidalgo.edu.mx\/Observatorio_Megalopolitano_Hgo\/wp-json\/wp\/v2\/comments?post=304"}],"version-history":[{"count":2,"href":"http:\/\/elcolegiodehidalgo.edu.mx\/Observatorio_Megalopolitano_Hgo\/wp-json\/wp\/v2\/pages\/304\/revisions"}],"predecessor-version":[{"id":307,"href":"http:\/\/elcolegiodehidalgo.edu.mx\/Observatorio_Megalopolitano_Hgo\/wp-json\/wp\/v2\/pages\/304\/revisions\/307"}],"wp:attachment":[{"href":"http:\/\/elcolegiodehidalgo.edu.mx\/Observatorio_Megalopolitano_Hgo\/wp-json\/wp\/v2\/media?parent=304"}],"curies":[{"name":"wp","href":"https:\/\/api.w.org\/{rel}","templated":true}]}}