{"id":296,"date":"2025-05-29T18:25:22","date_gmt":"2025-05-29T18:25:22","guid":{"rendered":"http:\/\/192.168.10.104\/drjose\/?page_id=296"},"modified":"2025-05-29T18:25:23","modified_gmt":"2025-05-29T18:25:23","slug":"dr-pastor","status":"publish","type":"page","link":"http:\/\/elcolegiodehidalgo.edu.mx\/Observatorio_Megalopolitano_Hgo\/dr-pastor\/","title":{"rendered":"Dr. Pastor"},"content":{"rendered":"\n<div style=\"height:37px\" aria-hidden=\"true\" class=\"wp-block-spacer\"><\/div>\n\n\n\n<div class=\"wp-block-media-text is-stacked-on-mobile\" style=\"border-style:none;border-width:0px;border-radius:0px;padding-top:0;padding-right:0;padding-bottom:0;padding-left:0;grid-template-columns:18% auto\"><figure class=\"wp-block-media-text__media\"><img fetchpriority=\"high\" decoding=\"async\" width=\"364\" height=\"404\" src=\"http:\/\/192.168.10.104\/drjose\/wp-content\/uploads\/2025\/05\/DR-PASTOR-.png\" alt=\"\" class=\"wp-image-298 size-full\" srcset=\"http:\/\/elcolegiodehidalgo.edu.mx\/Observatorio_Megalopolitano_Hgo\/wp-content\/uploads\/2025\/05\/DR-PASTOR-.png 364w, http:\/\/elcolegiodehidalgo.edu.mx\/Observatorio_Megalopolitano_Hgo\/wp-content\/uploads\/2025\/05\/DR-PASTOR--270x300.png 270w\" sizes=\"(max-width: 364px) 100vw, 364px\" \/><\/figure><div class=\"wp-block-media-text__content\">\n<p class=\"has-large-font-size\"><strong>Dr. Pastor Badillo Flores<\/strong><\/p>\n\n\n\n<p><strong>Correo:<\/strong>&nbsp;<a href=\"mailto:pbadillo@elcolegiodehidalgo.edu.mx\">pbadillo@elcolegiodehidalgo.edu.mx<\/a><\/p>\n\n\n\n<p><strong>Horario de atenci\u00f3n:\u00a0<\/strong>09:00 a 17:00 horas<\/p>\n\n\n\n<p><strong>Direcci\u00f3n postal:&nbsp;<\/strong>Parque Cient\u00edfico y Tecnol\u00f3gico del Estado de Hidalgo, Edificio Tecnolog\u00eda, Bldv. Circuito La Concepci\u00f3n No. 3, C.P. 42162, La Concepci\u00f3n, San Agust\u00edn Tlaxiaca, Hidalgo.<\/p>\n<\/div><\/div>\n\n\n\n<div style=\"height:37px\" aria-hidden=\"true\" class=\"wp-block-spacer\"><\/div>\n\n\n\n<p>Es miembro del Sistema Nacional de Investigadores del CONACyT como Candidato a Investigador Nacional. Doctor en Ciencias Pol\u00edticas y de la Administraci\u00f3n y Relaciones Internacionales en la Universidad Complutense de Madrid (UCM), Espa\u00f1a. De igual forma, tiene un M\u00e1ster en An\u00e1lisis Pol\u00edtico por la misma instituci\u00f3n. Cuenta con estancias de investigaci\u00f3n en la Masaryk University (MU) en Rep\u00fablica Checa, as\u00ed como en la Universidad de Sao Paulo (USP) en Brasil. Ha sido ponente en Congresos tales como: AECPA, ALACIP, LASA, ICA, entre otros. Entre sus l\u00edneas de investigaci\u00f3n se encuentran: el Estado de bienestar, la pobreza, la pol\u00edtica p\u00fablica, los programas de combate a la pobreza y el g\u00e9nero. Su m\u00e1s reciente publicaci\u00f3n denominada \u201cEl nuevo escenario de la pobreza frente al Covid-19: estudio de caso Tulancingo de Bravo, M\u00e9xico 2016-2021\u201d, fue publicada en la \u201cBrazilian Journal of Latin American Studies\u201d en octubre del 2021. En la actualidad, es investigador posdoctoral en El Colegio del Estado de Hidalgo (CEH) con el proyecto denominado \u201cCombate a la pobreza en el estado de Hidalgo, desarrollo comunitario en la nueva normalidad\u201d. De igual manera, imparte la materia de Gobernanza y Desarrollo Regional en la Maestr\u00eda en Planeaci\u00f3n y Desarrollo Regional en el mismo instituto. Tambi\u00e9n, es docente en la Universidad Aut\u00f3noma del Estado de Hidalgo (UAEH), en la cual dirige la materia de Dise\u00f1o e Implementaci\u00f3n de la Pol\u00edtica P\u00fablica en la Licenciatura en Ciencia Pol\u00edtica y Administraci\u00f3n P\u00fablica.<\/p>\n\n\n\n<div style=\"height:37px\" aria-hidden=\"true\" class=\"wp-block-spacer\"><\/div>\n","protected":false},"excerpt":{"rendered":"<p>Dr. Pastor Badillo Flores Correo:&nbsp;pbadillo@elcolegiodehidalgo.edu.mx Horario de atenci\u00f3n:\u00a009:00 a 17:00 horas Direcci\u00f3n postal:&nbsp;Parque Cient\u00edfico y Tecnol\u00f3gico del Estado de Hidalgo, Edificio Tecnolog\u00eda, Bldv. Circuito La Concepci\u00f3n No. 3, C.P. 42162, La Concepci\u00f3n, San Agust\u00edn Tlaxiaca, Hidalgo. Es miembro del Sistema Nacional de Investigadores del CONACyT como Candidato a Investigador Nacional. Doctor en Ciencias Pol\u00edticas y [&hellip;]<\/p>\n","protected":false},"author":1,"featured_media":0,"parent":0,"menu_order":0,"comment_status":"closed","ping_status":"closed","template":"","meta":{"footnotes":""},"class_list":["post-296","page","type-page","status-publish","hentry"],"_links":{"self":[{"href":"http:\/\/elcolegiodehidalgo.edu.mx\/Observatorio_Megalopolitano_Hgo\/wp-json\/wp\/v2\/pages\/296","targetHints":{"allow":["GET"]}}],"collection":[{"href":"http:\/\/elcolegiodehidalgo.edu.mx\/Observatorio_Megalopolitano_Hgo\/wp-json\/wp\/v2\/pages"}],"about":[{"href":"http:\/\/elcolegiodehidalgo.edu.mx\/Observatorio_Megalopolitano_Hgo\/wp-json\/wp\/v2\/types\/page"}],"author":[{"embeddable":true,"href":"http:\/\/elcolegiodehidalgo.edu.mx\/Observatorio_Megalopolitano_Hgo\/wp-json\/wp\/v2\/users\/1"}],"replies":[{"embeddable":true,"href":"http:\/\/elcolegiodehidalgo.edu.mx\/Observatorio_Megalopolitano_Hgo\/wp-json\/wp\/v2\/comments?post=296"}],"version-history":[{"count":2,"href":"http:\/\/elcolegiodehidalgo.edu.mx\/Observatorio_Megalopolitano_Hgo\/wp-json\/wp\/v2\/pages\/296\/revisions"}],"predecessor-version":[{"id":299,"href":"http:\/\/elcolegiodehidalgo.edu.mx\/Observatorio_Megalopolitano_Hgo\/wp-json\/wp\/v2\/pages\/296\/revisions\/299"}],"wp:attachment":[{"href":"http:\/\/elcolegiodehidalgo.edu.mx\/Observatorio_Megalopolitano_Hgo\/wp-json\/wp\/v2\/media?parent=296"}],"curies":[{"name":"wp","href":"https:\/\/api.w.org\/{rel}","templated":true}]}}