{"id":250,"date":"2025-05-28T18:29:13","date_gmt":"2025-05-28T18:29:13","guid":{"rendered":"http:\/\/192.168.10.104\/drjose\/?page_id=250"},"modified":"2025-05-29T18:14:54","modified_gmt":"2025-05-29T18:14:54","slug":"dr-jose-ivan","status":"publish","type":"page","link":"http:\/\/elcolegiodehidalgo.edu.mx\/Observatorio_Megalopolitano_Hgo\/dr-jose-ivan\/","title":{"rendered":"Dr. Jos\u00e9 Iv\u00e1n"},"content":{"rendered":"\n<div style=\"height:37px\" aria-hidden=\"true\" class=\"wp-block-spacer\"><\/div>\n\n\n\n<div class=\"wp-block-media-text is-stacked-on-mobile\" style=\"border-style:none;border-width:0px;border-radius:0px;padding-top:0;padding-right:0;padding-bottom:0;padding-left:0;grid-template-columns:18% auto\"><figure class=\"wp-block-media-text__media\"><img decoding=\"async\" width=\"154\" height=\"198\" src=\"http:\/\/192.168.10.104\/drjose\/wp-content\/uploads\/2025\/05\/Dr_JoseIRA.jpg\" alt=\"\" class=\"wp-image-268 size-full\"\/><\/figure><div class=\"wp-block-media-text__content\">\n<p class=\"has-large-font-size\"><strong>Dr. Jos\u00e9 Iv\u00e1n Ram\u00edrez Avil\u00e9s<\/strong><\/p>\n\n\n\n<p><strong>Correo:<\/strong>&nbsp;<a href=\"mailto:pbadillo@elcolegiodehidalgo.edu.mx\"><\/a><a href=\"mailto:ecarrillo@elcolegiodehidalgo.edu.mx\"><\/a><a href=\"mailto:gcastanon@elcolegiodehidalgo.edu.mx\" target=\"_blank\" rel=\"noreferrer noopener\"><\/a><a href=\"mailto:ecastillo@elcolegiodehidalgo.edu.mx\"><\/a><a href=\"mailto:maximiliano@elcolegiodehidalgo.edu.mx\"><\/a><a href=\"mailto:pmedina@elcolegiodehidalgo.edu.mx\"><\/a><a href=\"mailto:jquiroz@elcolegiodehidalgo.edu.mx\" target=\"_blank\" rel=\"noreferrer noopener\"><\/a><a href=\"mailto:jramirez@elcolegiodehidalgo.edu.mx\">jramirez@elcolegiodehidalgo.edu.mx<\/a><\/p>\n\n\n\n<p><strong>Horario de atenci\u00f3n:&nbsp;<\/strong>09:00 a 17:00 horas<\/p>\n\n\n\n<p><strong>Direcci\u00f3n postal:&nbsp;<\/strong>Parque Cient\u00edfico y Tecnol\u00f3gico del Estado de Hidalgo, Edificio Tecnolog\u00eda, Bldv. Circuito La Concepci\u00f3n No. 3, C.P. 42162, La Concepci\u00f3n, San Agust\u00edn Tlaxiaca, Hidalgo.<\/p>\n<\/div><\/div>\n\n\n\n<div style=\"height:37px\" aria-hidden=\"true\" class=\"wp-block-spacer\"><\/div>\n\n\n\n<p>Doctor en Urbanismo por la Universidad Nacional Aut\u00f3noma de M\u00e9xico (UNAM), Maestro en Poblaci\u00f3n y Desarrollo por la Facultad Latinoamericana de Ciencias Sociales (FLACSO), Licenciado en Sociolog\u00eda Urbana por la Universidad Aut\u00f3noma Metropolitana (UAM-X) y Licenciado en Arquitectura por la Universidad Aut\u00f3noma del Estado de Durango. Pertenece al Sistema Nacional de Investigadores (nivel 1) del Consejo Nacional de Ciencia y Tecnolog\u00eda. Sus l\u00edneas n\u00facleo o base de especializaci\u00f3n son: Regiones Hidropolitanas y desigualdad territorial, procesos metropolitanos y periferias urbano-rurales; segregaci\u00f3n y fragmentaci\u00f3n urbana; desigualdades urbanas, urbicidios y arte urbano. Actualmente es integrante de la International Association for Media and Communication Research (IAMCR) de la Universit\u00e9 Claude Bernard Lyon 1, Francia, y es miembro afiliado de la Asociaci\u00f3n Colombiana de Investigadores Urbano-Regionales (ACIUR), as\u00ed mismo coordina la Red Nacional de Posgrados en Estudios Regionales (RENPER),&nbsp;M\u00e9xico.<\/p>\n\n\n\n<div style=\"height:37px\" aria-hidden=\"true\" class=\"wp-block-spacer\"><\/div>\n\n\n\n<p><\/p>\n","protected":false},"excerpt":{"rendered":"<p>Dr. Jos\u00e9 Iv\u00e1n Ram\u00edrez Avil\u00e9s Correo:&nbsp;jramirez@elcolegiodehidalgo.edu.mx Horario de atenci\u00f3n:&nbsp;09:00 a 17:00 horas Direcci\u00f3n postal:&nbsp;Parque Cient\u00edfico y Tecnol\u00f3gico del Estado de Hidalgo, Edificio Tecnolog\u00eda, Bldv. Circuito La Concepci\u00f3n No. 3, C.P. 42162, La Concepci\u00f3n, San Agust\u00edn Tlaxiaca, Hidalgo. Doctor en Urbanismo por la Universidad Nacional Aut\u00f3noma de M\u00e9xico (UNAM), Maestro en Poblaci\u00f3n y Desarrollo por la [&hellip;]<\/p>\n","protected":false},"author":1,"featured_media":0,"parent":0,"menu_order":0,"comment_status":"closed","ping_status":"closed","template":"","meta":{"footnotes":""},"class_list":["post-250","page","type-page","status-publish","hentry"],"_links":{"self":[{"href":"http:\/\/elcolegiodehidalgo.edu.mx\/Observatorio_Megalopolitano_Hgo\/wp-json\/wp\/v2\/pages\/250","targetHints":{"allow":["GET"]}}],"collection":[{"href":"http:\/\/elcolegiodehidalgo.edu.mx\/Observatorio_Megalopolitano_Hgo\/wp-json\/wp\/v2\/pages"}],"about":[{"href":"http:\/\/elcolegiodehidalgo.edu.mx\/Observatorio_Megalopolitano_Hgo\/wp-json\/wp\/v2\/types\/page"}],"author":[{"embeddable":true,"href":"http:\/\/elcolegiodehidalgo.edu.mx\/Observatorio_Megalopolitano_Hgo\/wp-json\/wp\/v2\/users\/1"}],"replies":[{"embeddable":true,"href":"http:\/\/elcolegiodehidalgo.edu.mx\/Observatorio_Megalopolitano_Hgo\/wp-json\/wp\/v2\/comments?post=250"}],"version-history":[{"count":18,"href":"http:\/\/elcolegiodehidalgo.edu.mx\/Observatorio_Megalopolitano_Hgo\/wp-json\/wp\/v2\/pages\/250\/revisions"}],"predecessor-version":[{"id":292,"href":"http:\/\/elcolegiodehidalgo.edu.mx\/Observatorio_Megalopolitano_Hgo\/wp-json\/wp\/v2\/pages\/250\/revisions\/292"}],"wp:attachment":[{"href":"http:\/\/elcolegiodehidalgo.edu.mx\/Observatorio_Megalopolitano_Hgo\/wp-json\/wp\/v2\/media?parent=250"}],"curies":[{"name":"wp","href":"https:\/\/api.w.org\/{rel}","templated":true}]}}